{"id":786,"date":"2022-11-25T14:05:30","date_gmt":"2022-11-25T14:05:30","guid":{"rendered":"https:\/\/mobil-lux-congress.lu\/cookie-policy\/"},"modified":"2022-11-27T00:21:12","modified_gmt":"2022-11-27T00:21:12","slug":"cookie-policy","status":"publish","type":"page","link":"https:\/\/mobil-lux.test2u.lu\/en\/cookie-policy\/","title":{"rendered":"Cookie policy"},"content":{"rendered":"\n\t<section class=\"section\" id=\"section_190089612\">\n\t\t<div class=\"bg section-bg fill bg-fill  bg-loaded\" >\n\n\t\t\t\n\t\t\t\n\t\t\t\n\t<div class=\"is-border\"\n\t\tstyle=\"border-color:rgb(235, 235, 235);border-width:1px 0px 0px 0px;\">\n\t<\/div>\n\n\t\t<\/div>\n\n\t\t\n\n\t\t<div class=\"section-content relative\">\n\t\t\t\n\n<div class=\"row\"  id=\"row-1285555144\">\n\n\n\t<div id=\"col-149021038\" class=\"col small-12 large-12\"  >\n\t\t\t\t<div class=\"col-inner\"  >\n\t\t\t\n\t\t\t\n\n<header class=\"page-header\">\n<h1 class=\"entry-title\">Cookie Policy<\/h1>\n<\/header>\n<div class=\"page-content\">\n<p>Effective date: 5 October 2022<br>Latest update: 5 October 2022<\/p>\n<p><strong>What are cookies? <\/strong><\/p>\n<p>This cookie policy statement explains what cookies are, the types of cookies we use, and how we use them. In other words, it explains the information we collect using cookies, how this information is used, and how you can manage your cookie settings.<br>Cookies are small text files that are used to store small blocks of data. They are stored on your device when you visit our website using a web browser. Cookies help us operate our website effectively, make it more secure, improve visitors&#8217; user experience, understand how the website is performing, and analyse what is working and what needs to be improved.  <\/p>\n<p><strong> How we use cookies <\/strong><\/p>\n<p>Like most online services, our website uses proprietary and third-party cookies for several purposes. For the most part, our proprietary cookies necessary for the effective operation of our website and do not store any personally identifiable data. <br>For the most part, the third-party cookies used on our website help us understand how our website is performing and how you use our website. They also help us to protect our services, provide you with relevant advertisements and, more generally, offer you an enhanced user experience, including by accelerating your future interactions with our website.<\/p>\n<p> <\/p>\n<p><strong>Types of cookies we use <\/strong><\/p>\n<p>Managing cookie settings Cookie settings <\/p>\n<p><a class=\"cky-banner-element\">Cookie settings<\/a> <\/p>\n<p>You can change your cookie settings at any time by clicking on the button shown above. Whenever you click this button, the cookie consent banner will be displayed, allowing to change your settings or withdraw your consent with immediate effect. <br>Additionally, various browser propose different ways of blocking and deleting cookies used by websites. You can change your browser&#8217;s settings so that it blocks\/deletes cookies. Below are links to the most popular browsers&#8217; support documentation on managing and deleting cookies.  <\/p>\n<p>Chrome: <a href=\"https:\/\/support.google.com\/accounts\/answer\/32050\">https:\/\/support.google.com\/accounts\/answer\/32050<\/a><\/p>\n<p>Safari: <a href=\"https:\/\/support.apple.com\/en-in\/guide\/safari\/sfri11471\/mac\">https:\/\/support.apple.com\/en-in\/guide\/safari\/sfri11471\/mac<\/a><\/p>\n<p>Firefox: <a href=\"https:\/\/support.mozilla.org\/en-US\/kb\/clear-cookies-and-site-data-firefox?redirectslug=delete-cookies-remove-info-websites-stored&amp;redirectlocale=en-US\">https:\/\/support.mozilla.org\/en-US\/kb\/clear-cookies-and-site-data-firefox?redirectslug=delete-cookies-remove-info-websites-stored&amp;redirectlocale=en-US<\/a><\/p>\n<p>Internet Explorer: <a href=\"https:\/\/support.microsoft.com\/en-us\/topic\/how-to-delete-cookie-files-in-internet-explorer-bca9446f-d873-78de-77ba-d42645fa52fc\">https:\/\/support.microsoft.com\/en-us\/topic\/how-to-delete-cookie-files-in-internet-explorer-bca9446f-d873-78de-77ba-d42645fa52fc<\/a><\/p>\n<p>If you use another browser, please refer to its official support documentation.<\/p>\n<p> <\/p>\n<\/div>\n\n\n\t\t<\/div>\n\t\t\t\t\t<\/div>\n\n\t\n\n<\/div>\n\n\t\t<\/div>\n\n\t\t\n<style>\n#section_190089612 {\n  padding-top: 60px;\n  padding-bottom: 60px;\n  min-height: 300px;\n  background-color: rgb(245, 245, 245);\n}\n<\/style>\n\t<\/section>\n\t\n\n","protected":false},"excerpt":{"rendered":"","protected":false},"author":1,"featured_media":0,"parent":0,"menu_order":0,"comment_status":"closed","ping_status":"closed","template":"","meta":{"_acf_changed":false,"inline_featured_image":false,"footnotes":""},"class_list":["post-786","page","type-page","status-publish","hentry"],"acf":[],"yoast_head":"<!-- This site is optimized with the Yoast SEO plugin v27.3 - https:\/\/yoast.com\/product\/yoast-seo-wordpress\/ -->\n<title>Cookie policy - Mobil-Lux 2023 - European Mobility Congress<\/title>\n<meta name=\"robots\" content=\"noindex, follow, max-snippet:-1, max-image-preview:large, max-video-preview:-1\" \/>\n<meta property=\"og:locale\" content=\"en_US\" \/>\n<meta property=\"og:type\" content=\"article\" \/>\n<meta property=\"og:title\" content=\"Cookie policy - Mobil-Lux 2023 - European Mobility Congress\" \/>\n<meta property=\"og:url\" content=\"https:\/\/mobil-lux.test2u.lu\/en\/cookie-policy\/\" \/>\n<meta property=\"og:site_name\" content=\"Mobil-Lux\" \/>\n<meta property=\"article:modified_time\" content=\"2022-11-27T00:21:12+00:00\" \/>\n<meta name=\"twitter:card\" content=\"summary_large_image\" \/>\n<meta name=\"twitter:label1\" content=\"Est. reading time\" \/>\n\t<meta name=\"twitter:data1\" content=\"2 minutes\" \/>\n<script type=\"application\/ld+json\" class=\"yoast-schema-graph\">{\"@context\":\"https:\\\/\\\/schema.org\",\"@graph\":[{\"@type\":\"WebPage\",\"@id\":\"https:\\\/\\\/mobil-lux.test2u.lu\\\/en\\\/cookie-policy\\\/\",\"url\":\"https:\\\/\\\/mobil-lux.test2u.lu\\\/en\\\/cookie-policy\\\/\",\"name\":\"Cookie policy - Mobil-Lux 2023 - European Mobility Congress\",\"isPartOf\":{\"@id\":\"https:\\\/\\\/mobil-lux.test2u.lu\\\/#website\"},\"datePublished\":\"2022-11-25T14:05:30+00:00\",\"dateModified\":\"2022-11-27T00:21:12+00:00\",\"breadcrumb\":{\"@id\":\"https:\\\/\\\/mobil-lux.test2u.lu\\\/en\\\/cookie-policy\\\/#breadcrumb\"},\"inLanguage\":\"en-US\",\"potentialAction\":[{\"@type\":\"ReadAction\",\"target\":[\"https:\\\/\\\/mobil-lux.test2u.lu\\\/en\\\/cookie-policy\\\/\"]}]},{\"@type\":\"BreadcrumbList\",\"@id\":\"https:\\\/\\\/mobil-lux.test2u.lu\\\/en\\\/cookie-policy\\\/#breadcrumb\",\"itemListElement\":[{\"@type\":\"ListItem\",\"position\":1,\"name\":\"Home\",\"item\":\"https:\\\/\\\/mobil-lux.test2u.lu\\\/en\\\/\"},{\"@type\":\"ListItem\",\"position\":2,\"name\":\"Cookie policy\"}]},{\"@type\":\"WebSite\",\"@id\":\"https:\\\/\\\/mobil-lux.test2u.lu\\\/#website\",\"url\":\"https:\\\/\\\/mobil-lux.test2u.lu\\\/\",\"name\":\"Mobil-Lux 2023 - Conf\u00e9rence Europ\u00e9enne de la Mobilit\u00e9\",\"description\":\"European Mobility Congress\",\"publisher\":{\"@id\":\"https:\\\/\\\/mobil-lux.test2u.lu\\\/#organization\"},\"potentialAction\":[{\"@type\":\"SearchAction\",\"target\":{\"@type\":\"EntryPoint\",\"urlTemplate\":\"https:\\\/\\\/mobil-lux.test2u.lu\\\/?s={search_term_string}\"},\"query-input\":{\"@type\":\"PropertyValueSpecification\",\"valueRequired\":true,\"valueName\":\"search_term_string\"}}],\"inLanguage\":\"en-US\"},{\"@type\":\"Organization\",\"@id\":\"https:\\\/\\\/mobil-lux.test2u.lu\\\/#organization\",\"name\":\"Mobil-Lux - Conf\u00e9rence Europ\u00e9enne de la Mobilit\u00e9\",\"url\":\"https:\\\/\\\/mobil-lux.test2u.lu\\\/\",\"logo\":{\"@type\":\"ImageObject\",\"inLanguage\":\"en-US\",\"@id\":\"https:\\\/\\\/mobil-lux.test2u.lu\\\/#\\\/schema\\\/logo\\\/image\\\/\",\"url\":\"https:\\\/\\\/mobil-lux.test2u.lu\\\/wp-content\\\/uploads\\\/2022\\\/11\\\/cropped-favicon.png\",\"contentUrl\":\"https:\\\/\\\/mobil-lux.test2u.lu\\\/wp-content\\\/uploads\\\/2022\\\/11\\\/cropped-favicon.png\",\"width\":512,\"height\":512,\"caption\":\"Mobil-Lux - Conf\u00e9rence Europ\u00e9enne de la Mobilit\u00e9\"},\"image\":{\"@id\":\"https:\\\/\\\/mobil-lux.test2u.lu\\\/#\\\/schema\\\/logo\\\/image\\\/\"},\"sameAs\":[\"https:\\\/\\\/www.linkedin.com\\\/company\\\/mobil-luxembourg\\\/\"]}]}<\/script>\n<!-- \/ Yoast SEO plugin. -->","yoast_head_json":{"title":"Cookie policy - Mobil-Lux 2023 - European Mobility Congress","robots":{"index":"noindex","follow":"follow","max-snippet":"max-snippet:-1","max-image-preview":"max-image-preview:large","max-video-preview":"max-video-preview:-1"},"og_locale":"en_US","og_type":"article","og_title":"Cookie policy - Mobil-Lux 2023 - European Mobility Congress","og_url":"https:\/\/mobil-lux.test2u.lu\/en\/cookie-policy\/","og_site_name":"Mobil-Lux","article_modified_time":"2022-11-27T00:21:12+00:00","twitter_card":"summary_large_image","twitter_misc":{"Est. reading time":"2 minutes"},"schema":{"@context":"https:\/\/schema.org","@graph":[{"@type":"WebPage","@id":"https:\/\/mobil-lux.test2u.lu\/en\/cookie-policy\/","url":"https:\/\/mobil-lux.test2u.lu\/en\/cookie-policy\/","name":"Cookie policy - Mobil-Lux 2023 - European Mobility Congress","isPartOf":{"@id":"https:\/\/mobil-lux.test2u.lu\/#website"},"datePublished":"2022-11-25T14:05:30+00:00","dateModified":"2022-11-27T00:21:12+00:00","breadcrumb":{"@id":"https:\/\/mobil-lux.test2u.lu\/en\/cookie-policy\/#breadcrumb"},"inLanguage":"en-US","potentialAction":[{"@type":"ReadAction","target":["https:\/\/mobil-lux.test2u.lu\/en\/cookie-policy\/"]}]},{"@type":"BreadcrumbList","@id":"https:\/\/mobil-lux.test2u.lu\/en\/cookie-policy\/#breadcrumb","itemListElement":[{"@type":"ListItem","position":1,"name":"Home","item":"https:\/\/mobil-lux.test2u.lu\/en\/"},{"@type":"ListItem","position":2,"name":"Cookie policy"}]},{"@type":"WebSite","@id":"https:\/\/mobil-lux.test2u.lu\/#website","url":"https:\/\/mobil-lux.test2u.lu\/","name":"Mobil-Lux 2023 - Conf\u00e9rence Europ\u00e9enne de la Mobilit\u00e9","description":"European Mobility Congress","publisher":{"@id":"https:\/\/mobil-lux.test2u.lu\/#organization"},"potentialAction":[{"@type":"SearchAction","target":{"@type":"EntryPoint","urlTemplate":"https:\/\/mobil-lux.test2u.lu\/?s={search_term_string}"},"query-input":{"@type":"PropertyValueSpecification","valueRequired":true,"valueName":"search_term_string"}}],"inLanguage":"en-US"},{"@type":"Organization","@id":"https:\/\/mobil-lux.test2u.lu\/#organization","name":"Mobil-Lux - Conf\u00e9rence Europ\u00e9enne de la Mobilit\u00e9","url":"https:\/\/mobil-lux.test2u.lu\/","logo":{"@type":"ImageObject","inLanguage":"en-US","@id":"https:\/\/mobil-lux.test2u.lu\/#\/schema\/logo\/image\/","url":"https:\/\/mobil-lux.test2u.lu\/wp-content\/uploads\/2022\/11\/cropped-favicon.png","contentUrl":"https:\/\/mobil-lux.test2u.lu\/wp-content\/uploads\/2022\/11\/cropped-favicon.png","width":512,"height":512,"caption":"Mobil-Lux - Conf\u00e9rence Europ\u00e9enne de la Mobilit\u00e9"},"image":{"@id":"https:\/\/mobil-lux.test2u.lu\/#\/schema\/logo\/image\/"},"sameAs":["https:\/\/www.linkedin.com\/company\/mobil-luxembourg\/"]}]}},"_links":{"self":[{"href":"https:\/\/mobil-lux.test2u.lu\/en\/wp-json\/wp\/v2\/pages\/786","targetHints":{"allow":["GET"]}}],"collection":[{"href":"https:\/\/mobil-lux.test2u.lu\/en\/wp-json\/wp\/v2\/pages"}],"about":[{"href":"https:\/\/mobil-lux.test2u.lu\/en\/wp-json\/wp\/v2\/types\/page"}],"author":[{"embeddable":true,"href":"https:\/\/mobil-lux.test2u.lu\/en\/wp-json\/wp\/v2\/users\/1"}],"replies":[{"embeddable":true,"href":"https:\/\/mobil-lux.test2u.lu\/en\/wp-json\/wp\/v2\/comments?post=786"}],"version-history":[{"count":0,"href":"https:\/\/mobil-lux.test2u.lu\/en\/wp-json\/wp\/v2\/pages\/786\/revisions"}],"wp:attachment":[{"href":"https:\/\/mobil-lux.test2u.lu\/en\/wp-json\/wp\/v2\/media?parent=786"}],"curies":[{"name":"wp","href":"https:\/\/api.w.org\/{rel}","templated":true}]}}