{"id":766,"date":"2022-11-24T15:29:51","date_gmt":"2022-11-24T14:29:51","guid":{"rendered":"https:\/\/mobil-lux-congress.lu\/organisateurs\/"},"modified":"2023-01-12T11:20:23","modified_gmt":"2023-01-12T10:20:23","slug":"organisers","status":"publish","type":"page","link":"https:\/\/mobil-lux.test2u.lu\/en\/organisers\/","title":{"rendered":"Organisers"},"content":{"rendered":"\n\t<section class=\"section organisateursLux\" id=\"section_561176756\">\n\t\t<div class=\"bg section-bg fill bg-fill  bg-loaded\" >\n\n\t\t\t\n\t\t\t\n\t\t\t\n\n\t\t<\/div>\n\n\t\t\n\n\t\t<div class=\"section-content relative\">\n\t\t\t\n\n<div class=\"row\"  id=\"row-1710379163\">\n\n\n\t<div id=\"col-365022726\" class=\"col small-12 large-12\"  >\n\t\t\t\t<div class=\"col-inner\"  >\n\t\t\t\n\t\t\t\n\n<h1>Organisers<\/h1>\n\n\t\t<\/div>\n\t\t\t\t\t<\/div>\n\n\t\n\n\t<div id=\"col-1165389655\" class=\"col small-12 large-12\"  >\n\t\t\t\t<div class=\"col-inner\"  >\n\t\t\t\n\t\t\t\n\n\n\t\t<div class=\"icon-box featured-box icon-box-left text-left\"  >\n\t\t\t\t\t<div class=\"icon-box-img\" style=\"width: 200px\">\n\t\t\t\t<div class=\"icon\">\n\t\t\t\t\t<div class=\"icon-inner\" >\n\t\t\t\t\t\t<img loading=\"lazy\" decoding=\"async\" width=\"300\" height=\"150\" src=\"https:\/\/mobil-lux.test2u.lu\/wp-content\/uploads\/2022\/11\/organisateurs01-300x150.png\" class=\"attachment-medium size-medium\" alt=\"\" srcset=\"https:\/\/mobil-lux.test2u.lu\/wp-content\/uploads\/2022\/11\/organisateurs01-300x150.png 300w, https:\/\/mobil-lux.test2u.lu\/wp-content\/uploads\/2022\/11\/organisateurs01.png 400w\" sizes=\"auto, (max-width: 300px) 100vw, 300px\" \/>\t\t\t\t\t<\/div>\n\t\t\t\t<\/div>\n\t\t\t<\/div>\n\t\t\t\t<div class=\"icon-box-text last-reset\">\n\t\t\t\t\t\t\t\t\t\n\n<h2 class=\"h3\">The Ministry of Mobility and Public Works<\/h2>\n<p style=\"font-weight: 400;\">The <strong>governmental declaration <\/strong>has set out <strong>specific objectives <\/strong>for each of the departments within the Ministry of Mobility and Public Works, namely the Department of Mobility and Transport and the Department of Public Works.<\/p>\n<p style=\"font-weight: 400;\">The Ministry of Mobility and Public Works implements an integrated transport policy. The government seeks to ensure that addressing mobility bottlenecks for both professional and leisure activities is made a top priority.<\/p>\n<p style=\"font-weight: 400;\"><a href=\"https:\/\/transports.public.lu\/fr\/contexte\/strategie\/modu2.html\/\">The sustainable mobility strategy<\/a> (Modu 2.0) serves as a set of guidelines, which need to be further developed and implemented, for this purpose.<\/p>\n<p style=\"font-weight: 400;\">The aim is to ensure good public transport coverage and to factor in active mobility in the planning stage of all road and rail infrastructure projects, public buildings, new housing developments, leisure facilities and shopping centers. Targeted management of parking areas will also be introduced.<\/p>\n<p style=\"font-weight: 400;\">In this context, following the strategy Modu 2.0, a national mobility plan will be elaborated and adapted to the needs and demands projected for horizon 2035.<\/p>\n<p style=\"font-weight: 400;\">In order to gather the necessary data for mobility planning in an efficient and continuous way, adapted to the constant evolution of needs, a mobility observatory will be put in place.<\/p>\n<p style=\"font-weight: 400;\">After the launch of the Modu 2.0 multimodal strategy in 05\/2018 and the successful introduction of free public transport across the Grand Duchy of Luxembourg in 03\/2020, <strong>Fran\u00e7ois Bausch<\/strong>, Deputy Prime Minister, Minister for Mobility and Public Works,<strong> presented the National mobility plan 2035 <\/strong>during an international press conference on Friday 22<sup>nd<\/sup> April 2022.<\/p>\n<p style=\"font-weight: 400;\">The innovative <strong>PNM 2035 - National mobility plan<\/strong> offers a global concept capable of managing 40 % more trips compared to 2017. It implements the approaches recommended by the Modu 2.0 strategy for sustainable mobility, namely:<\/p>\n<ul>\n<li>moving from a catch-up logic to a logic of anticipation of future demand;<\/li>\n<li>first determine the number of people who will have to go to a specific place<\/li>\n<li>and then reinforce the modes of transport best suited to the context and finally mobilize the four actors of mobility, i.e. the State, the municipalities, employers and citizens.<\/li>\n<\/ul>\n<p style=\"font-weight: 400;\">Fran\u00e7ois Bausch, Deputy Prime Minister and Minister for Mobility and Public Works, also presented the PNM 2035 to the public during 10 public presentations.<\/p>\n<p style=\"font-weight: 400;\">To download and order the National mobility Plan 2035, available in English, German and French, or for more information visit: <a href=\"http:\/\/www.pnm2035.lu\/\">www.pnm2035.lu<\/a><\/p>\n\n\n\t\t<\/div>\n\t<\/div>\n\t\n\t\n<div class=\"is-divider divider clearfix\" style=\"max-width:100%;\"><\/div>\n\n\n\t\t<div class=\"icon-box featured-box icon-box-left text-left\"  >\n\t\t\t\t\t<div class=\"icon-box-img\" style=\"width: 200px\">\n\t\t\t\t<div class=\"icon\">\n\t\t\t\t\t<div class=\"icon-inner\" >\n\t\t\t\t\t\t<img loading=\"lazy\" decoding=\"async\" width=\"300\" height=\"150\" src=\"https:\/\/mobil-lux.test2u.lu\/wp-content\/uploads\/2022\/11\/organisateurs03-300x150.png\" class=\"attachment-medium size-medium\" alt=\"\" srcset=\"https:\/\/mobil-lux.test2u.lu\/wp-content\/uploads\/2022\/11\/organisateurs03-300x150.png 300w, https:\/\/mobil-lux.test2u.lu\/wp-content\/uploads\/2022\/11\/organisateurs03.png 400w\" sizes=\"auto, (max-width: 300px) 100vw, 300px\" \/>\t\t\t\t\t<\/div>\n\t\t\t\t<\/div>\n\t\t\t<\/div>\n\t\t\t\t<div class=\"icon-box-text last-reset\">\n\t\t\t\t\t\t\t\t\t\n\n<h2 class=\"h3\">Luxembourg City<\/h2>\n<p><a href=\"https:\/\/www.vdl.lu\/fr\" target=\"_blank\" rel=\"noopener\">Luxembourg City <\/a>is a cosmopolitan, multicultural city, scaled to human dimensions, located in the very heart of Europe. As a founding member of the European Union and the seat of several EU institutions, Luxembourg City not only ranks as one of Europe's foremost cities in terms of quality of life, but also boasts a rich and diverse population. Luxembourg City is home to 167 nationalities and has a population of over 128,000 residents. The city also attracts more than 200,000 daily commuters as well as a large number of tourists.   <\/p>\n<p>As the city's population has grown by more than 36% in the last decade, and because it is an attractive destination for companies and institutions, the City of Luxembourg is faced with a number of challenges in terms of mobility, making it a key priority in its development strategy. Accordingly, further to recent extensions and improvements, the City's bus network now comprises 39 lines covering the city's 24 districts. City of Luxembourg buses are used by more than 29.8 million passengers and cover some 13.2 million kilometres each year. And the city's public transport offering has been further enhanced with the introduction and extension of the city's tram system. As its ultimate goal is to create future mobility options that are sustainable and efficient, the City of Luxembourg has begun taking steps to complete the electrification of its entire fleet by 2030.     <\/p>\n<p>In addition to its public transport services, The City of Luxembourg has also introduced other measures, including a car-sharing system (carl'OH), a self-service bike rental system (vel'OH), and the development of a cycle network comprising some 170 km of cycling routes.<\/p>\n<p>At the Mobil-Lux conference, Luxembourg City Mayor Lydie Polfer will present an overview of the city's mobility strategy and its Mobility Plan.<\/p>\n<p>For more information, see <a href=\"https:\/\/www.vdl.lu\/fr\/se-deplacer\/notre-plan-de-mobilite-pour-demain\" target=\"_blank\" rel=\"noopener\">Our Mobility Plan for Tomorrow | Ville de Luxembourg (vdl.lu).<\/a><\/p>\n\n\n\t\t<\/div>\n\t<\/div>\n\t\n\t\n<div class=\"is-divider divider clearfix\" style=\"max-width:100%;\"><\/div>\n\n\n\t\t<div class=\"icon-box featured-box icon-box-left text-left\"  >\n\t\t\t\t\t<div class=\"icon-box-img\" style=\"width: 200px\">\n\t\t\t\t<div class=\"icon\">\n\t\t\t\t\t<div class=\"icon-inner\" >\n\t\t\t\t\t\t<img loading=\"lazy\" decoding=\"async\" width=\"300\" height=\"150\" src=\"https:\/\/mobil-lux.test2u.lu\/wp-content\/uploads\/2022\/11\/organisateurs02-300x150.png\" class=\"attachment-medium size-medium\" alt=\"\" srcset=\"https:\/\/mobil-lux.test2u.lu\/wp-content\/uploads\/2022\/11\/organisateurs02-300x150.png 300w, https:\/\/mobil-lux.test2u.lu\/wp-content\/uploads\/2022\/11\/organisateurs02.png 400w\" sizes=\"auto, (max-width: 300px) 100vw, 300px\" \/>\t\t\t\t\t<\/div>\n\t\t\t\t<\/div>\n\t\t\t<\/div>\n\t\t\t\t<div class=\"icon-box-text last-reset\">\n\t\t\t\t\t\t\t\t\t\n\n<h2 class=\"h3\">Luxtram<\/h2>\n<p><a href=\"https:\/\/www.luxtram.lu\/\" target=\"_blank\" rel=\"noopener\">LUXTRAM<\/a>\u2013 a publicly owned limited company (soci\u00e9t\u00e9 anonyme \u00e0 capitaux publics) \u2013 is the Luxembourg enterprise tasked with the planning, development, building and operation of the tram system in Luxembourg City and neighbouring municipalities. It is also responsible for the management and maintenance of all tram-related infrastructure and of the trams themselves. It carries out all studies and building works in connection with the city's tram system, and is the competent authority for the awarding of contracts and the procurement of rolling stock.<\/p>\n<p>LUXTRAM expects line 1 to be fully completed \u2013 from Findel Airport to Cloche d\u2019Or \u2013 by the end of 2024. Two years ago, LUXTRAM was awarded the contracts for future extensions of the City of Luxembourg tram system and the construction of a high-speed tram link between Luxembourg City and Esch-sur-Alzette.<\/p>\n<p>Luxtram is unquestionably a key contributor in the process of diversifying the public transport system and developing sustainable mobility in Luxembourg. As one of the co-organisers of the Mobil-Lux Conference, LUXTRAM is looking forward to sharing its expertise and operational experience with attendees involved in the mobility sector.<\/p>\n\n\n\t\t<\/div>\n\t<\/div>\n\t\n\t\n\n\t\t<\/div>\n\t\t\t\t\t<\/div>\n\n\t\n\n<\/div>\n\n\t\t<\/div>\n\n\t\t\n<style>\n#section_561176756 {\n  padding-top: 30px;\n  padding-bottom: 30px;\n}\n<\/style>\n\t<\/section>\n\t\n\t<section class=\"section\" id=\"section_515703322\">\n\t\t<div class=\"bg section-bg fill bg-fill  bg-loaded\" >\n\n\t\t\t\n\t\t\t<div class=\"section-bg-overlay absolute fill\"><\/div>\n\t\t\t\n\n\t\t<\/div>\n\n\t\t\n\n\t\t<div class=\"section-content relative\">\n\t\t\t\n\n<div class=\"row align-bottom\"  id=\"row-1295092239\">\n\n\n\t<div id=\"col-813600319\" class=\"col small-12 large-12\"  >\n\t\t\t\t<div class=\"col-inner\"  >\n\t\t\t\n\t\t\t\n\n<h3>Mobil-Lux Organisation Committee<\/h3>\n<p>The Mobil-Lux Organisation Committee comprises representatives from the three organisations mentioned above, and is supported by two scientific experts, one German-and one French-speaking.<\/p>\n\n\t\t<\/div>\n\t\t\t\t\t<\/div>\n\n\t\n\n<\/div>\n\n\t\t<\/div>\n\n\t\t\n<style>\n#section_515703322 {\n  padding-top: 30px;\n  padding-bottom: 30px;\n  background-color: rgb(253, 185, 19);\n}\n#section_515703322 .section-bg-overlay {\n  background-color: rgba(255, 255, 255, 0.6);\n}\n<\/style>\n\t<\/section>\n\t\n","protected":false},"excerpt":{"rendered":"","protected":false},"author":1,"featured_media":0,"parent":0,"menu_order":0,"comment_status":"closed","ping_status":"closed","template":"page-blank.php","meta":{"_acf_changed":false,"inline_featured_image":false,"footnotes":""},"class_list":["post-766","page","type-page","status-publish","hentry"],"acf":[],"yoast_head":"<!-- This site is optimized with the Yoast SEO plugin v27.3 - https:\/\/yoast.com\/product\/yoast-seo-wordpress\/ -->\n<title>Organisers - Mobil-Lux 2023 - European Mobility Congress<\/title>\n<meta name=\"description\" content=\"The Mobil-Lux Organisation Committee comprises representatives from the three organisations mentioned above, and is supported by two scientific experts, one German-and one French-speaking.\" \/>\n<meta name=\"robots\" content=\"noindex, follow, max-snippet:-1, max-image-preview:large, max-video-preview:-1\" \/>\n<meta property=\"og:locale\" content=\"en_US\" \/>\n<meta property=\"og:type\" content=\"article\" \/>\n<meta property=\"og:title\" content=\"Organisers - Mobil-Lux 2023 - European Mobility Congress\" \/>\n<meta property=\"og:description\" content=\"The Mobil-Lux Organisation Committee comprises representatives from the three organisations mentioned above, and is supported by two scientific experts, one German-and one French-speaking.\" \/>\n<meta property=\"og:url\" content=\"https:\/\/mobil-lux.test2u.lu\/en\/organisers\/\" \/>\n<meta property=\"og:site_name\" content=\"Mobil-Lux\" \/>\n<meta property=\"article:modified_time\" content=\"2023-01-12T10:20:23+00:00\" \/>\n<meta name=\"twitter:card\" content=\"summary_large_image\" \/>\n<meta name=\"twitter:label1\" content=\"Est. reading time\" \/>\n\t<meta name=\"twitter:data1\" content=\"1 minute\" \/>\n<script type=\"application\/ld+json\" class=\"yoast-schema-graph\">{\"@context\":\"https:\\\/\\\/schema.org\",\"@graph\":[{\"@type\":\"WebPage\",\"@id\":\"https:\\\/\\\/mobil-lux.test2u.lu\\\/en\\\/organisers\\\/\",\"url\":\"https:\\\/\\\/mobil-lux.test2u.lu\\\/en\\\/organisers\\\/\",\"name\":\"Organisers - Mobil-Lux 2023 - European Mobility Congress\",\"isPartOf\":{\"@id\":\"https:\\\/\\\/mobil-lux.test2u.lu\\\/#website\"},\"datePublished\":\"2022-11-24T14:29:51+00:00\",\"dateModified\":\"2023-01-12T10:20:23+00:00\",\"description\":\"The Mobil-Lux Organisation Committee comprises representatives from the three organisations mentioned above, and is supported by two scientific experts, one German-and one French-speaking.\",\"breadcrumb\":{\"@id\":\"https:\\\/\\\/mobil-lux.test2u.lu\\\/en\\\/organisers\\\/#breadcrumb\"},\"inLanguage\":\"en-US\",\"potentialAction\":[{\"@type\":\"ReadAction\",\"target\":[\"https:\\\/\\\/mobil-lux.test2u.lu\\\/en\\\/organisers\\\/\"]}]},{\"@type\":\"BreadcrumbList\",\"@id\":\"https:\\\/\\\/mobil-lux.test2u.lu\\\/en\\\/organisers\\\/#breadcrumb\",\"itemListElement\":[{\"@type\":\"ListItem\",\"position\":1,\"name\":\"Home\",\"item\":\"https:\\\/\\\/mobil-lux.test2u.lu\\\/en\\\/\"},{\"@type\":\"ListItem\",\"position\":2,\"name\":\"Organisers\"}]},{\"@type\":\"WebSite\",\"@id\":\"https:\\\/\\\/mobil-lux.test2u.lu\\\/#website\",\"url\":\"https:\\\/\\\/mobil-lux.test2u.lu\\\/\",\"name\":\"Mobil-Lux 2023 - Conf\u00e9rence Europ\u00e9enne de la Mobilit\u00e9\",\"description\":\"European Mobility Congress\",\"publisher\":{\"@id\":\"https:\\\/\\\/mobil-lux.test2u.lu\\\/#organization\"},\"potentialAction\":[{\"@type\":\"SearchAction\",\"target\":{\"@type\":\"EntryPoint\",\"urlTemplate\":\"https:\\\/\\\/mobil-lux.test2u.lu\\\/?s={search_term_string}\"},\"query-input\":{\"@type\":\"PropertyValueSpecification\",\"valueRequired\":true,\"valueName\":\"search_term_string\"}}],\"inLanguage\":\"en-US\"},{\"@type\":\"Organization\",\"@id\":\"https:\\\/\\\/mobil-lux.test2u.lu\\\/#organization\",\"name\":\"Mobil-Lux - Conf\u00e9rence Europ\u00e9enne de la Mobilit\u00e9\",\"url\":\"https:\\\/\\\/mobil-lux.test2u.lu\\\/\",\"logo\":{\"@type\":\"ImageObject\",\"inLanguage\":\"en-US\",\"@id\":\"https:\\\/\\\/mobil-lux.test2u.lu\\\/#\\\/schema\\\/logo\\\/image\\\/\",\"url\":\"https:\\\/\\\/mobil-lux.test2u.lu\\\/wp-content\\\/uploads\\\/2022\\\/11\\\/cropped-favicon.png\",\"contentUrl\":\"https:\\\/\\\/mobil-lux.test2u.lu\\\/wp-content\\\/uploads\\\/2022\\\/11\\\/cropped-favicon.png\",\"width\":512,\"height\":512,\"caption\":\"Mobil-Lux - Conf\u00e9rence Europ\u00e9enne de la Mobilit\u00e9\"},\"image\":{\"@id\":\"https:\\\/\\\/mobil-lux.test2u.lu\\\/#\\\/schema\\\/logo\\\/image\\\/\"},\"sameAs\":[\"https:\\\/\\\/www.linkedin.com\\\/company\\\/mobil-luxembourg\\\/\"]}]}<\/script>\n<!-- \/ Yoast SEO plugin. -->","yoast_head_json":{"title":"Organisers - Mobil-Lux 2023 - European Mobility Congress","description":"The Mobil-Lux Organisation Committee comprises representatives from the three organisations mentioned above, and is supported by two scientific experts, one German-and one French-speaking.","robots":{"index":"noindex","follow":"follow","max-snippet":"max-snippet:-1","max-image-preview":"max-image-preview:large","max-video-preview":"max-video-preview:-1"},"og_locale":"en_US","og_type":"article","og_title":"Organisers - Mobil-Lux 2023 - European Mobility Congress","og_description":"The Mobil-Lux Organisation Committee comprises representatives from the three organisations mentioned above, and is supported by two scientific experts, one German-and one French-speaking.","og_url":"https:\/\/mobil-lux.test2u.lu\/en\/organisers\/","og_site_name":"Mobil-Lux","article_modified_time":"2023-01-12T10:20:23+00:00","twitter_card":"summary_large_image","twitter_misc":{"Est. reading time":"1 minute"},"schema":{"@context":"https:\/\/schema.org","@graph":[{"@type":"WebPage","@id":"https:\/\/mobil-lux.test2u.lu\/en\/organisers\/","url":"https:\/\/mobil-lux.test2u.lu\/en\/organisers\/","name":"Organisers - Mobil-Lux 2023 - European Mobility Congress","isPartOf":{"@id":"https:\/\/mobil-lux.test2u.lu\/#website"},"datePublished":"2022-11-24T14:29:51+00:00","dateModified":"2023-01-12T10:20:23+00:00","description":"The Mobil-Lux Organisation Committee comprises representatives from the three organisations mentioned above, and is supported by two scientific experts, one German-and one French-speaking.","breadcrumb":{"@id":"https:\/\/mobil-lux.test2u.lu\/en\/organisers\/#breadcrumb"},"inLanguage":"en-US","potentialAction":[{"@type":"ReadAction","target":["https:\/\/mobil-lux.test2u.lu\/en\/organisers\/"]}]},{"@type":"BreadcrumbList","@id":"https:\/\/mobil-lux.test2u.lu\/en\/organisers\/#breadcrumb","itemListElement":[{"@type":"ListItem","position":1,"name":"Home","item":"https:\/\/mobil-lux.test2u.lu\/en\/"},{"@type":"ListItem","position":2,"name":"Organisers"}]},{"@type":"WebSite","@id":"https:\/\/mobil-lux.test2u.lu\/#website","url":"https:\/\/mobil-lux.test2u.lu\/","name":"Mobil-Lux 2023 - Conf\u00e9rence Europ\u00e9enne de la Mobilit\u00e9","description":"European Mobility Congress","publisher":{"@id":"https:\/\/mobil-lux.test2u.lu\/#organization"},"potentialAction":[{"@type":"SearchAction","target":{"@type":"EntryPoint","urlTemplate":"https:\/\/mobil-lux.test2u.lu\/?s={search_term_string}"},"query-input":{"@type":"PropertyValueSpecification","valueRequired":true,"valueName":"search_term_string"}}],"inLanguage":"en-US"},{"@type":"Organization","@id":"https:\/\/mobil-lux.test2u.lu\/#organization","name":"Mobil-Lux - Conf\u00e9rence Europ\u00e9enne de la Mobilit\u00e9","url":"https:\/\/mobil-lux.test2u.lu\/","logo":{"@type":"ImageObject","inLanguage":"en-US","@id":"https:\/\/mobil-lux.test2u.lu\/#\/schema\/logo\/image\/","url":"https:\/\/mobil-lux.test2u.lu\/wp-content\/uploads\/2022\/11\/cropped-favicon.png","contentUrl":"https:\/\/mobil-lux.test2u.lu\/wp-content\/uploads\/2022\/11\/cropped-favicon.png","width":512,"height":512,"caption":"Mobil-Lux - Conf\u00e9rence Europ\u00e9enne de la Mobilit\u00e9"},"image":{"@id":"https:\/\/mobil-lux.test2u.lu\/#\/schema\/logo\/image\/"},"sameAs":["https:\/\/www.linkedin.com\/company\/mobil-luxembourg\/"]}]}},"_links":{"self":[{"href":"https:\/\/mobil-lux.test2u.lu\/en\/wp-json\/wp\/v2\/pages\/766","targetHints":{"allow":["GET"]}}],"collection":[{"href":"https:\/\/mobil-lux.test2u.lu\/en\/wp-json\/wp\/v2\/pages"}],"about":[{"href":"https:\/\/mobil-lux.test2u.lu\/en\/wp-json\/wp\/v2\/types\/page"}],"author":[{"embeddable":true,"href":"https:\/\/mobil-lux.test2u.lu\/en\/wp-json\/wp\/v2\/users\/1"}],"replies":[{"embeddable":true,"href":"https:\/\/mobil-lux.test2u.lu\/en\/wp-json\/wp\/v2\/comments?post=766"}],"version-history":[{"count":0,"href":"https:\/\/mobil-lux.test2u.lu\/en\/wp-json\/wp\/v2\/pages\/766\/revisions"}],"wp:attachment":[{"href":"https:\/\/mobil-lux.test2u.lu\/en\/wp-json\/wp\/v2\/media?parent=766"}],"curies":[{"name":"wp","href":"https:\/\/api.w.org\/{rel}","templated":true}]}}