{"id":7072,"date":"2023-05-17T15:35:19","date_gmt":"2023-05-17T14:35:19","guid":{"rendered":"https:\/\/mobil-lux-congress.lu\/after\/"},"modified":"2023-06-14T14:15:43","modified_gmt":"2023-06-14T13:15:43","slug":"after","status":"publish","type":"page","link":"https:\/\/mobil-lux.test2u.lu\/en\/","title":{"rendered":"After"},"content":{"rendered":"\n\t<section class=\"section\" id=\"section_1946290409\">\n\t\t<div class=\"bg section-bg fill bg-fill  \" >\n\n\t\t\t\n\t\t\t<div class=\"section-bg-overlay absolute fill\"><\/div>\n\t\t\t\n\n\t\t<\/div>\n\n\t\t\n\n\t\t<div class=\"section-content relative\">\n\t\t\t\n\n<div class=\"row row-large align-middle\"  id=\"row-2064150434\">\n\n\n\t<div id=\"col-724558184\" class=\"col small-12 large-12 small-col-first\"  >\n\t\t\t\t<div class=\"col-inner dark\"  >\n\t\t\t\n\t\t\t\n\n\t<div id=\"text-2973693570\" class=\"text uppercase\">\n\t\t\n\n<h1>Merci pour votre participation<\/h1>\n\t\t\n<style>\n#text-2973693570 {\n  font-size: 1.7rem;\n  line-height: 1;\n  text-align: center;\n}\n<\/style>\n\t<\/div>\n\t\n\n\t\t<\/div>\n\t\t\t\t\t<\/div>\n\n\t\n\n<\/div>\n<div class=\"row align-center\"  id=\"row-2123654234\">\n\n\n\t<div id=\"col-1015604298\" class=\"col small-12 large-12\"  >\n\t\t\t\t<div class=\"col-inner text-center\"  >\n\t\t\t\n\t\t\t\n\n<a href=\"https:\/\/mobil-lux.test2u.lu\/le-congres\/\" target=\"_self\" class=\"button primary is-xxlarge after-button\"  >\n    <span>Le congr\u00e8s<\/span>\n  <\/a>\n\n\n<a href=\"https:\/\/mobil-lux.test2u.lu\/les-speakers\/\" target=\"_self\" class=\"button primary is-xxlarge after-button\"  >\n    <span>Speakers<\/span>\n  <\/a>\n\n\n<a href=\"https:\/\/mobil-lux.test2u.lu\/galerie-photo-video\/\" target=\"_self\" class=\"button primary is-xxlarge after-button\"  >\n    <span>M\u00e9diath\u00e8que<\/span>\n  <\/a>\n\n\n\n\t\t<\/div>\n\t\t\t\t\t<\/div>\n\n\t\n\n<\/div>\n\n\t\t<\/div>\n\n\t\t\n<style>\n#section_1946290409 {\n  padding-top: 60px;\n  padding-bottom: 60px;\n  min-height: 550px;\n  background-color: rgb(0,0,0);\n}\n#section_1946290409 .section-bg-overlay {\n  background-color: rgba(0,0,0,.5);\n}\n#section_1946290409 .section-bg.bg-loaded {\n  background-image: url(https:\/\/mobil-lux.test2u.lu\/wp-content\/uploads\/2023\/05\/main-back.jpg);\n}\n#section_1946290409 .section-bg {\n  background-position: 49% 24%;\n}\n@media (min-width:550px) {\n  #section_1946290409 .section-bg-overlay {\n    background-color: rgba(0, 0, 0, 0.424);\n  }\n}\n<\/style>\n\t<\/section>\n\t\n<div class=\"row row-collapse row-full-width pLogos\"  id=\"row-1576390635\">\n\n\n\t<div id=\"col-810378216\" class=\"col small-12 large-12\"  >\n\t\t\t\t<div class=\"col-inner text-center\"  >\n\t\t\t\n\t\t\t\n\n\t<div id=\"text-2345597066\" class=\"text uppercase\">\n\t\t\n\n<h2> Diamond and Platinum Partners<\/h2>\n\t\t\t<\/div>\n\t\n\n\t\t<\/div>\n\t\t\t\t\n<style>\n#col-810378216 > .col-inner {\n  margin: 20px 0px 0px 0px;\n}\n<\/style>\n\t<\/div>\n\n\t\n\n\t<div id=\"col-1264373373\" class=\"col small-12 large-12\"  >\n\t\t\t\t<div class=\"col-inner text-center\"  >\n\t\t\t\n\t\t\t\n\n<div class=\"ux-logo has-hover align-middle ux_logo inline-block\" style=\"max-width: 100%!important; width: 250px!important\"><div class=\"ux-logo-link block image-\" title=\"\" href=\"\" style=\"padding: 15px;\"><img decoding=\"async\" src=\"https:\/\/mobil-lux.test2u.lu\/wp-content\/uploads\/2023\/02\/partenaires_0017_caf.jpg\" title=\"\" alt=\"\" class=\"ux-logo-image block\" style=\"height:110px;\" \/><\/div><\/div>\n\n<div class=\"ux-logo has-hover align-middle ux_logo inline-block frateur\" style=\"max-width: 100%!important; width: 216px!important\"><a class=\"ux-logo-link block image-\" title=\"\" target=\"_blank\" rel=\"noopener noreferrer\" href=\"http:\/\/www.frateurdepourcq.be\/\" style=\"padding: 15px;\"><img decoding=\"async\" src=\"https:\/\/mobil-lux.test2u.lu\/wp-content\/uploads\/2023\/02\/partenaires_0013_frateur-1.jpg\" title=\"\" alt=\"\" class=\"ux-logo-image block\" style=\"height:100px;\" \/><\/a><\/div>\n\n<div class=\"ux-logo has-hover align-middle ux_logo inline-block sopinor\" style=\"max-width: 100%!important; width: 126.8px!important\"><a class=\"ux-logo-link block image-\" title=\"\" target=\"_blank\" rel=\"noopener noreferrer\" href=\"https:\/\/sopinor.lu\/actualites\/\" style=\"padding: 15px;\"><img decoding=\"async\" src=\"https:\/\/mobil-lux.test2u.lu\/wp-content\/uploads\/2023\/02\/partenaires_0020_sopinor-1.jpg\" title=\"\" alt=\"\" class=\"ux-logo-image block\" style=\"height:80px;\" \/><\/a><\/div>\n\n\n\t\t<\/div>\n\t\t\t\t\t<\/div>\n\n\t\n\n\t<div id=\"col-449319229\" class=\"col small-12 large-12\"  >\n\t\t\t\t<div class=\"col-inner text-center\"  >\n\t\t\t\n\t\t\t\n\n<div class=\"ux-logo has-hover align-middle ux_logo inline-block\" style=\"max-width: 100%!important; width: 250px!important\"><div class=\"ux-logo-link block image-\" title=\"\" href=\"\" style=\"padding: 15px;\"><img decoding=\"async\" src=\"https:\/\/mobil-lux.test2u.lu\/wp-content\/uploads\/2023\/02\/partenaires_0021_lohr.jpg\" title=\"\" alt=\"\" class=\"ux-logo-image block\" style=\"height:110px;\" \/><\/div><\/div>\n\n<div class=\"ux-logo has-hover align-middle ux_logo inline-block\" style=\"max-width: 100%!important; width: 250px!important\"><div class=\"ux-logo-link block image-\" title=\"\" href=\"\" style=\"padding: 15px;\"><img decoding=\"async\" src=\"https:\/\/mobil-lux.test2u.lu\/wp-content\/uploads\/2023\/02\/partenaires_0003_socom.jpg\" title=\"\" alt=\"\" class=\"ux-logo-image block\" style=\"height:110px;\" \/><\/div><\/div>\n\n<div class=\"ux-logo has-hover align-middle ux_logo inline-block\" style=\"max-width: 100%!important; width: 230px!important\"><div class=\"ux-logo-link block image-\" title=\"\" href=\"\" style=\"padding: 15px;\"><img decoding=\"async\" src=\"https:\/\/mobil-lux.test2u.lu\/wp-content\/uploads\/2023\/02\/partenaires_0002_tralux.jpg\" title=\"\" alt=\"\" class=\"ux-logo-image block\" style=\"height:100px;\" \/><\/div><\/div>\n\n\n\t\t<\/div>\n\t\t\t\t\n<style>\n#col-449319229 > .col-inner {\n  margin: -30px 0px 0px 0px;\n}\n<\/style>\n\t<\/div>\n\n\t\n\n\t<div id=\"col-944985412\" class=\"col small-12 large-12\"  >\n\t\t\t\t<div class=\"col-inner text-center\"  >\n\t\t\t\n\t\t\t\n\n\t<div id=\"text-3289429733\" class=\"text uppercase\">\n\t\t\n\n<h2>Gold Partners<\/h2>\n\t\t\t<\/div>\n\t\n\n\t\t<\/div>\n\t\t\t\t\n<style>\n#col-944985412 > .col-inner {\n  margin: 20px 0px 0px 0px;\n}\n<\/style>\n\t<\/div>\n\n\t\n\n\t<div id=\"col-431728861\" class=\"col small-12 large-12\"  >\n\t\t\t\t<div class=\"col-inner text-center\"  >\n\t\t\t\n\t\t\t\n\n<div class=\"ux-logo has-hover align-middle ux_logo inline-block\" style=\"max-width: 100%!important; width: 230px!important\"><div class=\"ux-logo-link block image-\" title=\"\" href=\"\" style=\"padding: 15px;\"><img decoding=\"async\" src=\"https:\/\/mobil-lux.test2u.lu\/wp-content\/uploads\/2023\/03\/partenaires_0027_arcelor.jpg\" title=\"\" alt=\"\" class=\"ux-logo-image block\" style=\"height:100px;\" \/><\/div><\/div>\n\n<div class=\"ux-logo has-hover align-middle ux_logo inline-block\" style=\"max-width: 100%!important; width: 230px!important\"><div class=\"ux-logo-link block image-\" title=\"\" href=\"\" style=\"padding: 15px;\"><img decoding=\"async\" src=\"https:\/\/mobil-lux.test2u.lu\/wp-content\/uploads\/2023\/02\/partenaires_0016_colasrail.jpg\" title=\"\" alt=\"\" class=\"ux-logo-image block\" style=\"height:100px;\" \/><\/div><\/div>\n\n<div class=\"ux-logo has-hover align-middle ux_logo inline-block ingerop\" style=\"max-width: 100%!important; width: 180px!important\"><div class=\"ux-logo-link block image-\" title=\"\" href=\"\" style=\"padding: 15px;\"><img decoding=\"async\" src=\"https:\/\/mobil-lux.test2u.lu\/wp-content\/uploads\/2023\/02\/partenaires_0012_ingerop.jpg\" title=\"\" alt=\"\" class=\"ux-logo-image block\" style=\"height:75px;\" \/><\/div><\/div>\n\n<div class=\"ux-logo has-hover align-middle ux_logo inline-block schroeder\" style=\"max-width: 100%!important; width: 170px!important\"><div class=\"ux-logo-link block image-\" title=\"\" href=\"\" style=\"padding: 15px;\"><img decoding=\"async\" src=\"https:\/\/mobil-lux.test2u.lu\/wp-content\/uploads\/2023\/02\/partenaires_0022_schroeder.jpg\" title=\"\" alt=\"\" class=\"ux-logo-image block\" style=\"height:70px;\" \/><\/div><\/div>\n\n<div class=\"ux-logo has-hover align-middle ux_logo inline-block sgi\" style=\"max-width: 100%!important; width: 170px!important\"><div class=\"ux-logo-link block image-\" title=\"\" href=\"\" style=\"padding: 15px;\"><img decoding=\"async\" src=\"https:\/\/mobil-lux.test2u.lu\/wp-content\/uploads\/2023\/02\/partenaires_0023_sgi.jpg\" title=\"\" alt=\"\" class=\"ux-logo-image block\" style=\"height:70px;\" \/><\/div><\/div>\n\n\n\t\t<\/div>\n\t\t\t\t\n<style>\n#col-431728861 > .col-inner {\n  margin: -20px 0px 0px 0px;\n}\n<\/style>\n\t<\/div>\n\n\t\n\n\t<div id=\"col-1730793841\" class=\"col small-12 large-12\"  >\n\t\t\t\t<div class=\"col-inner text-center\"  >\n\t\t\t\n\t\t\t\n\n\t<div id=\"text-428091338\" class=\"text uppercase\">\n\t\t\n\n<h2>Silver Partners<\/h2>\n\t\t\t<\/div>\n\t\n\n\t\t<\/div>\n\t\t\t\t\n<style>\n#col-1730793841 > .col-inner {\n  margin: 20px 0px 0px 0px;\n}\n<\/style>\n\t<\/div>\n\n\t\n\n\t<div id=\"col-142319380\" class=\"col small-12 large-12\"  >\n\t\t\t\t<div class=\"col-inner text-center\"  >\n\t\t\t\n\t\t\t\n\n<div class=\"ux-logo has-hover align-middle ux_logo inline-block\" style=\"max-width: 100%!important; width: 180px!important\"><div class=\"ux-logo-link block image-\" title=\"\" href=\"\" style=\"padding: 15px;\"><img decoding=\"async\" src=\"https:\/\/mobil-lux.test2u.lu\/wp-content\/uploads\/2023\/02\/partenaires_0018_bundesamt-1.jpg\" title=\"\" alt=\"\" class=\"ux-logo-image block\" style=\"height:75px;\" \/><\/div><\/div>\n\n<div class=\"ux-logo has-hover align-middle ux_logo inline-block\" style=\"max-width: 100%!important; width: 130px!important\"><div class=\"ux-logo-link block image-\" title=\"\" href=\"\" style=\"padding: 15px;\"><img decoding=\"async\" src=\"https:\/\/mobil-lux.test2u.lu\/wp-content\/uploads\/2023\/02\/partenaires_0014_egis.jpg\" title=\"\" alt=\"\" class=\"ux-logo-image block\" style=\"height:50px;\" \/><\/div><\/div>\n\n<div class=\"ux-logo has-hover align-middle ux_logo inline-block\" style=\"max-width: 100%!important; width: 180px!important\"><div class=\"ux-logo-link block image-\" title=\"\" href=\"\" style=\"padding: 15px;\"><img decoding=\"async\" src=\"https:\/\/mobil-lux.test2u.lu\/wp-content\/uploads\/2023\/02\/partenaires_0006_lsc.jpg\" title=\"\" alt=\"\" class=\"ux-logo-image block\" style=\"height:75px;\" \/><\/div><\/div>\n\n<div class=\"ux-logo has-hover align-middle ux_logo inline-block\" style=\"max-width: 100%!important; width: 130px!important\"><div class=\"ux-logo-link block image-\" title=\"\" href=\"\" style=\"padding: 15px;\"><img decoding=\"async\" src=\"https:\/\/mobil-lux.test2u.lu\/wp-content\/uploads\/2023\/02\/partenaires_0005_paul-wurth-1.jpg\" title=\"\" alt=\"\" class=\"ux-logo-image block\" style=\"height:50px;\" \/><\/div><\/div>\n\n\n\t\t<\/div>\n\t\t\t\t\t<\/div>\n\n\t\n\n\t<div id=\"col-127958869\" class=\"col small-12 large-12\"  >\n\t\t\t\t<div class=\"col-inner text-center\"  >\n\t\t\t\n\t\t\t\n\n<div class=\"ux-logo has-hover align-middle ux_logo inline-block\" style=\"max-width: 100%!important; width: 130px!important\"><div class=\"ux-logo-link block image-\" title=\"\" href=\"\" style=\"padding: 15px;\"><img decoding=\"async\" src=\"https:\/\/mobil-lux.test2u.lu\/wp-content\/uploads\/2023\/02\/partenaires_0004_skoda-1.jpg\" title=\"\" alt=\"\" class=\"ux-logo-image block\" style=\"height:50px;\" \/><\/div><\/div>\n\n<div class=\"ux-logo has-hover align-middle ux_logo inline-block\" style=\"max-width: 100%!important; width: 150px!important\"><a class=\"ux-logo-link block image-\" title=\"\" target=\"_blank\" rel=\"noopener noreferrer\" href=\"http:\/\/www.vori-drucksysteme.de\" style=\"padding: 15px;\"><img decoding=\"async\" src=\"https:\/\/mobil-lux.test2u.lu\/wp-content\/uploads\/2023\/02\/partenaires_0026_vori.jpg\" title=\"\" alt=\"\" class=\"ux-logo-image block\" style=\"height:60px;\" \/><\/a><\/div>\n\n<div class=\"ux-logo has-hover align-middle ux_logo inline-block\" style=\"max-width: 100%!important; width: 130px!important\"><div class=\"ux-logo-link block image-\" title=\"\" href=\"\" style=\"padding: 15px;\"><img decoding=\"async\" src=\"https:\/\/mobil-lux.test2u.lu\/wp-content\/uploads\/2023\/02\/partenaires_0000_vossloh.jpg\" title=\"\" alt=\"\" class=\"ux-logo-image block\" style=\"height:50px;\" \/><\/div><\/div>\n\n\n\t\t<\/div>\n\t\t\t\t\t<\/div>\n\n\t\n\n\t<div id=\"col-1603750868\" class=\"col small-12 large-12\"  >\n\t\t\t\t<div class=\"col-inner text-center\"  >\n\t\t\t\n\t\t\t\n\n\t<div id=\"text-3316226921\" class=\"text uppercase\">\n\t\t\n\n<h2>Bronze Partners<\/h2>\n\t\t\t<\/div>\n\t\n\n\t\t<\/div>\n\t\t\t\t\n<style>\n#col-1603750868 > .col-inner {\n  margin: 20px 0px 0px 0px;\n}\n<\/style>\n\t<\/div>\n\n\t\n\n\t<div id=\"col-362942622\" class=\"col small-12 large-12\"  >\n\t\t\t\t<div class=\"col-inner text-center\"  >\n\t\t\t\n\t\t\t\n\n<div class=\"ux-logo has-hover align-middle ux_logo inline-block hidden\" style=\"max-width: 100%!important; width: 130px!important\"><div class=\"ux-logo-link block image-\" title=\"\" href=\"\" style=\"padding: 15px;\"><img decoding=\"async\" src=\"https:\/\/mobil-lux.test2u.lu\/wp-content\/uploads\/2023\/02\/partenaires_0007_losch.jpg\" title=\"\" alt=\"\" class=\"ux-logo-image block\" style=\"height:50px;\" \/><\/div><\/div>\n\n<div class=\"ux-logo has-hover align-middle ux_logo inline-block\" style=\"max-width: 100%!important; width: 130px!important\"><div class=\"ux-logo-link block image-\" title=\"\" href=\"\" style=\"padding: 15px;\"><img decoding=\"async\" src=\"https:\/\/mobil-lux.test2u.lu\/wp-content\/uploads\/2023\/03\/partenaires_0019_bosch.jpg\" title=\"\" alt=\"\" class=\"ux-logo-image block\" style=\"height:50px;\" \/><\/div><\/div>\n\n<div class=\"ux-logo has-hover align-middle ux_logo inline-block\" style=\"max-width: 100%!important; width: 130px!important\"><div class=\"ux-logo-link block image-\" title=\"\" href=\"\" style=\"padding: 15px;\"><img decoding=\"async\" src=\"https:\/\/mobil-lux.test2u.lu\/wp-content\/uploads\/2023\/02\/partenaires_0024_savvy.jpg\" title=\"\" alt=\"\" class=\"ux-logo-image block\" style=\"height:50px;\" \/><\/div><\/div>\n\n\n\t\t<\/div>\n\t\t\t\t\t<\/div>\n\n\t\n\n\t<div id=\"col-449452323\" class=\"col small-12 large-12\"  >\n\t\t\t\t<div class=\"col-inner text-center\"  >\n\t\t\t\n\t\t\t\n\n\t<div id=\"text-2295255642\" class=\"text uppercase\">\n\t\t\n\n<h2>Media Partners<\/h2>\n\t\t\t<\/div>\n\t\n\n\t\t<\/div>\n\t\t\t\t\n<style>\n#col-449452323 > .col-inner {\n  margin: 20px 0px 0px 0px;\n}\n<\/style>\n\t<\/div>\n\n\t\n\n\t<div id=\"col-1693936967\" class=\"col small-12 large-12\"  >\n\t\t\t\t<div class=\"col-inner text-center\"  >\n\t\t\t\n\t\t\t\n\n<div class=\"ux-logo has-hover align-middle ux_logo inline-block\" style=\"max-width: 100%!important; width: 130px!important\"><div class=\"ux-logo-link block image-\" title=\"\" href=\"\" style=\"padding: 15px;\"><img decoding=\"async\" src=\"https:\/\/mobil-lux.test2u.lu\/wp-content\/uploads\/2023\/02\/mediaPartner_openv.jpg\" title=\"\" alt=\"\" class=\"ux-logo-image block\" style=\"height:50px;\" \/><\/div><\/div>\n\n<div class=\"ux-logo has-hover align-middle ux_logo inline-block\" style=\"max-width: 100%!important; width: 130px!important\"><div class=\"ux-logo-link block image-\" title=\"\" href=\"\" style=\"padding: 15px;\"><img decoding=\"async\" src=\"https:\/\/mobil-lux.test2u.lu\/wp-content\/uploads\/2023\/02\/mediaPartner_intelligent-transport.jpg\" title=\"\" alt=\"\" class=\"ux-logo-image block\" style=\"height:50px;\" \/><\/div><\/div>\n\n<div class=\"ux-logo has-hover align-middle ux_logo inline-block\" style=\"max-width: 100%!important; width: 130px!important\"><div class=\"ux-logo-link block image-\" title=\"\" href=\"\" style=\"padding: 15px;\"><img decoding=\"async\" src=\"https:\/\/mobil-lux.test2u.lu\/wp-content\/uploads\/2023\/02\/partenaires_0025_seilbahnen.jpg\" title=\"\" alt=\"\" class=\"ux-logo-image block\" style=\"height:50px;\" \/><\/div><\/div>\n\n\n\t\t<\/div>\n\t\t\t\t\t<\/div>\n\n\t\n\n<\/div>\n","protected":false},"excerpt":{"rendered":"","protected":false},"author":1,"featured_media":0,"parent":0,"menu_order":0,"comment_status":"closed","ping_status":"closed","template":"page-blank.php","meta":{"_acf_changed":false,"inline_featured_image":false,"footnotes":""},"class_list":["post-7072","page","type-page","status-publish","hentry"],"acf":[],"yoast_head":"<!-- This site is optimized with the Yoast SEO plugin v27.3 - https:\/\/yoast.com\/product\/yoast-seo-wordpress\/ -->\n<title>Mobil-Lux 2023 - European Mobility Congress<\/title>\n<meta name=\"description\" content=\"Attend the mobil-lux conference and find out how european cities are planning to address the issues. 27 &amp; 28 March 2023 - Luxembourg\" \/>\n<meta name=\"robots\" content=\"noindex, follow, max-snippet:-1, max-image-preview:large, max-video-preview:-1\" \/>\n<meta property=\"og:locale\" content=\"en_US\" \/>\n<meta property=\"og:type\" content=\"article\" \/>\n<meta property=\"og:title\" content=\"Mobil-Lux 2023 - European Mobility Congress\" \/>\n<meta property=\"og:description\" content=\"Attend the mobil-lux conference and find out how european cities are planning to address the issues. 27 &amp; 28 March 2023 - Luxembourg\" \/>\n<meta property=\"og:url\" content=\"https:\/\/mobil-lux.test2u.lu\/en\/\" \/>\n<meta property=\"og:site_name\" content=\"Mobil-Lux\" \/>\n<meta property=\"article:modified_time\" content=\"2023-06-14T13:15:43+00:00\" \/>\n<meta name=\"twitter:card\" content=\"summary_large_image\" \/>\n<meta name=\"twitter:label1\" content=\"Est. reading time\" \/>\n\t<meta name=\"twitter:data1\" content=\"1 minute\" \/>\n<script type=\"application\/ld+json\" class=\"yoast-schema-graph\">{\"@context\":\"https:\\\/\\\/schema.org\",\"@graph\":[{\"@type\":\"WebPage\",\"@id\":\"https:\\\/\\\/mobil-lux.test2u.lu\\\/en\\\/\",\"url\":\"https:\\\/\\\/mobil-lux.test2u.lu\\\/en\\\/\",\"name\":\"Mobil-Lux 2023 - European Mobility Congress\",\"isPartOf\":{\"@id\":\"https:\\\/\\\/mobil-lux.test2u.lu\\\/#website\"},\"datePublished\":\"2023-05-17T14:35:19+00:00\",\"dateModified\":\"2023-06-14T13:15:43+00:00\",\"description\":\"Attend the mobil-lux conference and find out how european cities are planning to address the issues. 27 & 28 March 2023 - Luxembourg\",\"breadcrumb\":{\"@id\":\"https:\\\/\\\/mobil-lux.test2u.lu\\\/en\\\/#breadcrumb\"},\"inLanguage\":\"en-US\",\"potentialAction\":[{\"@type\":\"ReadAction\",\"target\":[\"https:\\\/\\\/mobil-lux.test2u.lu\\\/en\\\/\"]}]},{\"@type\":\"BreadcrumbList\",\"@id\":\"https:\\\/\\\/mobil-lux.test2u.lu\\\/en\\\/#breadcrumb\",\"itemListElement\":[{\"@type\":\"ListItem\",\"position\":1,\"name\":\"Home\",\"item\":\"https:\\\/\\\/mobil-lux.test2u.lu\\\/en\\\/\"},{\"@type\":\"ListItem\",\"position\":2,\"name\":\"After\"}]},{\"@type\":\"WebSite\",\"@id\":\"https:\\\/\\\/mobil-lux.test2u.lu\\\/#website\",\"url\":\"https:\\\/\\\/mobil-lux.test2u.lu\\\/\",\"name\":\"Mobil-Lux 2023 - Conf\u00e9rence Europ\u00e9enne de la Mobilit\u00e9\",\"description\":\"European Mobility Congress\",\"publisher\":{\"@id\":\"https:\\\/\\\/mobil-lux.test2u.lu\\\/#organization\"},\"potentialAction\":[{\"@type\":\"SearchAction\",\"target\":{\"@type\":\"EntryPoint\",\"urlTemplate\":\"https:\\\/\\\/mobil-lux.test2u.lu\\\/?s={search_term_string}\"},\"query-input\":{\"@type\":\"PropertyValueSpecification\",\"valueRequired\":true,\"valueName\":\"search_term_string\"}}],\"inLanguage\":\"en-US\"},{\"@type\":\"Organization\",\"@id\":\"https:\\\/\\\/mobil-lux.test2u.lu\\\/#organization\",\"name\":\"Mobil-Lux - Conf\u00e9rence Europ\u00e9enne de la Mobilit\u00e9\",\"url\":\"https:\\\/\\\/mobil-lux.test2u.lu\\\/\",\"logo\":{\"@type\":\"ImageObject\",\"inLanguage\":\"en-US\",\"@id\":\"https:\\\/\\\/mobil-lux.test2u.lu\\\/#\\\/schema\\\/logo\\\/image\\\/\",\"url\":\"https:\\\/\\\/mobil-lux.test2u.lu\\\/wp-content\\\/uploads\\\/2022\\\/11\\\/cropped-favicon.png\",\"contentUrl\":\"https:\\\/\\\/mobil-lux.test2u.lu\\\/wp-content\\\/uploads\\\/2022\\\/11\\\/cropped-favicon.png\",\"width\":512,\"height\":512,\"caption\":\"Mobil-Lux - Conf\u00e9rence Europ\u00e9enne de la Mobilit\u00e9\"},\"image\":{\"@id\":\"https:\\\/\\\/mobil-lux.test2u.lu\\\/#\\\/schema\\\/logo\\\/image\\\/\"},\"sameAs\":[\"https:\\\/\\\/www.linkedin.com\\\/company\\\/mobil-luxembourg\\\/\"]}]}<\/script>\n<!-- \/ Yoast SEO plugin. -->","yoast_head_json":{"title":"Mobil-Lux 2023 - European Mobility Congress","description":"Attend the mobil-lux conference and find out how european cities are planning to address the issues. 27 & 28 March 2023 - Luxembourg","robots":{"index":"noindex","follow":"follow","max-snippet":"max-snippet:-1","max-image-preview":"max-image-preview:large","max-video-preview":"max-video-preview:-1"},"og_locale":"en_US","og_type":"article","og_title":"Mobil-Lux 2023 - European Mobility Congress","og_description":"Attend the mobil-lux conference and find out how european cities are planning to address the issues. 27 & 28 March 2023 - Luxembourg","og_url":"https:\/\/mobil-lux.test2u.lu\/en\/","og_site_name":"Mobil-Lux","article_modified_time":"2023-06-14T13:15:43+00:00","twitter_card":"summary_large_image","twitter_misc":{"Est. reading time":"1 minute"},"schema":{"@context":"https:\/\/schema.org","@graph":[{"@type":"WebPage","@id":"https:\/\/mobil-lux.test2u.lu\/en\/","url":"https:\/\/mobil-lux.test2u.lu\/en\/","name":"Mobil-Lux 2023 - European Mobility Congress","isPartOf":{"@id":"https:\/\/mobil-lux.test2u.lu\/#website"},"datePublished":"2023-05-17T14:35:19+00:00","dateModified":"2023-06-14T13:15:43+00:00","description":"Attend the mobil-lux conference and find out how european cities are planning to address the issues. 27 & 28 March 2023 - Luxembourg","breadcrumb":{"@id":"https:\/\/mobil-lux.test2u.lu\/en\/#breadcrumb"},"inLanguage":"en-US","potentialAction":[{"@type":"ReadAction","target":["https:\/\/mobil-lux.test2u.lu\/en\/"]}]},{"@type":"BreadcrumbList","@id":"https:\/\/mobil-lux.test2u.lu\/en\/#breadcrumb","itemListElement":[{"@type":"ListItem","position":1,"name":"Home","item":"https:\/\/mobil-lux.test2u.lu\/en\/"},{"@type":"ListItem","position":2,"name":"After"}]},{"@type":"WebSite","@id":"https:\/\/mobil-lux.test2u.lu\/#website","url":"https:\/\/mobil-lux.test2u.lu\/","name":"Mobil-Lux 2023 - Conf\u00e9rence Europ\u00e9enne de la Mobilit\u00e9","description":"European Mobility Congress","publisher":{"@id":"https:\/\/mobil-lux.test2u.lu\/#organization"},"potentialAction":[{"@type":"SearchAction","target":{"@type":"EntryPoint","urlTemplate":"https:\/\/mobil-lux.test2u.lu\/?s={search_term_string}"},"query-input":{"@type":"PropertyValueSpecification","valueRequired":true,"valueName":"search_term_string"}}],"inLanguage":"en-US"},{"@type":"Organization","@id":"https:\/\/mobil-lux.test2u.lu\/#organization","name":"Mobil-Lux - Conf\u00e9rence Europ\u00e9enne de la Mobilit\u00e9","url":"https:\/\/mobil-lux.test2u.lu\/","logo":{"@type":"ImageObject","inLanguage":"en-US","@id":"https:\/\/mobil-lux.test2u.lu\/#\/schema\/logo\/image\/","url":"https:\/\/mobil-lux.test2u.lu\/wp-content\/uploads\/2022\/11\/cropped-favicon.png","contentUrl":"https:\/\/mobil-lux.test2u.lu\/wp-content\/uploads\/2022\/11\/cropped-favicon.png","width":512,"height":512,"caption":"Mobil-Lux - Conf\u00e9rence Europ\u00e9enne de la Mobilit\u00e9"},"image":{"@id":"https:\/\/mobil-lux.test2u.lu\/#\/schema\/logo\/image\/"},"sameAs":["https:\/\/www.linkedin.com\/company\/mobil-luxembourg\/"]}]}},"_links":{"self":[{"href":"https:\/\/mobil-lux.test2u.lu\/en\/wp-json\/wp\/v2\/pages\/7072","targetHints":{"allow":["GET"]}}],"collection":[{"href":"https:\/\/mobil-lux.test2u.lu\/en\/wp-json\/wp\/v2\/pages"}],"about":[{"href":"https:\/\/mobil-lux.test2u.lu\/en\/wp-json\/wp\/v2\/types\/page"}],"author":[{"embeddable":true,"href":"https:\/\/mobil-lux.test2u.lu\/en\/wp-json\/wp\/v2\/users\/1"}],"replies":[{"embeddable":true,"href":"https:\/\/mobil-lux.test2u.lu\/en\/wp-json\/wp\/v2\/comments?post=7072"}],"version-history":[{"count":29,"href":"https:\/\/mobil-lux.test2u.lu\/en\/wp-json\/wp\/v2\/pages\/7072\/revisions"}],"predecessor-version":[{"id":7427,"href":"https:\/\/mobil-lux.test2u.lu\/en\/wp-json\/wp\/v2\/pages\/7072\/revisions\/7427"}],"wp:attachment":[{"href":"https:\/\/mobil-lux.test2u.lu\/en\/wp-json\/wp\/v2\/media?parent=7072"}],"curies":[{"name":"wp","href":"https:\/\/api.w.org\/{rel}","templated":true}]}}