{"id":974,"date":"2022-11-25T14:05:30","date_gmt":"2022-11-25T14:05:30","guid":{"rendered":"https:\/\/mobil-lux-congress.lu\/cookie-richtlinie\/"},"modified":"2022-11-29T09:41:16","modified_gmt":"2022-11-29T09:41:16","slug":"cookie-richtlinie","status":"publish","type":"page","link":"https:\/\/mobil-lux.test2u.lu\/de\/cookie-richtlinie\/","title":{"rendered":"Cookie-Richtlinie"},"content":{"rendered":"\n\t<section class=\"section\" id=\"section_1001283104\">\n\t\t<div class=\"bg section-bg fill bg-fill  bg-loaded\" >\n\n\t\t\t\n\t\t\t\n\t\t\t\n\t<div class=\"is-border\"\n\t\tstyle=\"border-color:rgb(235, 235, 235);border-width:1px 0px 0px 0px;\">\n\t<\/div>\n\n\t\t<\/div>\n\n\t\t\n\n\t\t<div class=\"section-content relative\">\n\t\t\t\n\n<div class=\"row\"  id=\"row-375370772\">\n\n\n\t<div id=\"col-1054145163\" class=\"col small-12 large-12\"  >\n\t\t\t\t<div class=\"col-inner\"  >\n\t\t\t\n\t\t\t\n\n<header class=\"page-header\">\n<h1 class=\"entry-title\">Cookie-Richtlinie<\/h1>\n<\/header>\n<div class=\"page-content\">\n<p>Datum des Inkrafttretens: 5. Oktober 2022<br \/>Letzte Aktualisierung: 5. Oktober 2022<\/p>\n<p><strong>Was sind Cookies? <\/strong><\/p>\n<p>Diese Cookie-Richtlinie erkl\u00e4rt, was Cookies sind und wie wir sie verwenden, welche Arten von Cookies wir einsetzen, d. h. welche Informationen wir mithilfe von Cookies sammeln und wie diese Informationen verwendet werden, sowie wie Sie die Cookie-Einstellungen verwalten k\u00f6nnen.<br \/>Cookies sind kleine Textdateien, die zur Speicherung kleiner Mengen an Informationen dienen. Sie werden auf Ihrem Ger\u00e4t abgelegt, wenn die Website in Ihrem Browser geladen wird. Diese Cookies helfen uns dabei, die Website ordnungsgem\u00e4\u00df zu betreiben, sie sicherer zu machen, eine bessere Nutzererfahrung zu bieten, zu verstehen, wie die Website funktioniert, und zu analysieren, was funktioniert und was verbessert werden muss.<\/p>\n<p><strong> Wie verwenden wir Cookies? <\/strong><\/p>\n<p>Wie die meisten Online-Dienste verwendet auch unsere Website f\u00fcr verschiedene Zwecke propriet\u00e4re Cookies sowie Cookies von Drittanbietern. Propriet\u00e4re, also eigene, Cookies sind in erster Linie f\u00fcr das Funktionieren der Website erforderlich und erfassen keine personenbezogenen Daten. <br \/>Die auf unserer Website verwendeten Cookies von Drittanbietern dienen in erster Linie dazu zu verstehen, wie die Website funktioniert, wie Sie mit unserer Website interagieren, unsere Dienstleistungen zu sch\u00fctzen, f\u00fcr Sie relevante Werbung bereitzustellen und Ihnen insgesamt eine verbesserte Nutzererfahrung zu bieten und dazu beizutragen, Ihre zuk\u00fcnftigen Interaktionen mit unserer Website zu beschleunigen.<\/p>\n<p><strong>Arten von Cookies, die wir verwenden <\/strong><\/p>\n<p>Cookie-Pr\u00e4ferenzen verwalten<\/p>\n<p><a class=\"cky-banner-element\">Cookie-Einstellungen<\/a><\/p>\n<p>Sie k\u00f6nnen Ihre Cookie-Einstellungen jederzeit \u00e4ndern, indem Sie auf die obige Schaltfl\u00e4che klicken. Dadurch wird das Banner mit der Zustimmung zu Cookies erneut angezeigt und Sie k\u00f6nnen Ihre Pr\u00e4ferenzen \u00e4ndern oder Ihre Zustimmung mit sofortiger Wirkung zur\u00fcckziehen. <br \/>Dar\u00fcber hinaus bieten verschiedene Browser unterschiedliche M\u00f6glichkeiten an, um von Websites verwendete Cookies zu blockieren oder zu l\u00f6schen. Sie k\u00f6nnen die Einstellungen Ihres Browsers \u00e4ndern, um Cookies zu blockieren oder zu l\u00f6schen. Nachfolgend finden Sie Links zu Erl\u00e4uterungen \u00fcber die Verwaltung und L\u00f6schung von Cookies f\u00fcr die wichtigsten Webbrowser.<\/p>\n<p>Chrome: <a href=\"https:\/\/support.google.com\/accounts\/answer\/32050\">https:\/\/support.google.com\/accounts\/answer\/32050<\/a><\/p>\n<p>Safari: <a href=\"https:\/\/support.apple.com\/en-in\/guide\/safari\/sfri11471\/mac\">https:\/\/support.apple.com\/en-in\/guide\/safari\/sfri11471\/mac<\/a><\/p>\n<p>Firefox: <a href=\"https:\/\/support.mozilla.org\/en-US\/kb\/clear-cookies-and-site-data-firefox?redirectslug=delete-cookies-remove-info-websites-stored&amp;redirectlocale=en-US\">https:\/\/support.mozilla.org\/en-US\/kb\/clear-cookies-and-site-data-firefox?redirectslug=delete-cookies-remove-info-websites-stored&amp;redirectlocale=en-US<\/a><\/p>\n<p>Internet Explorer: <a href=\"https:\/\/support.microsoft.com\/en-us\/topic\/how-to-delete-cookie-files-in-internet-explorer-bca9446f-d873-78de-77ba-d42645fa52fc\">https:\/\/support.microsoft.com\/en-us\/topic\/how-to-delete-cookie-files-in-internet-explorer-bca9446f-d873-78de-77ba-d42645fa52fc<\/a><\/p>\n<p>Wenn Sie einen anderen Webbrowser verwenden, lesen Sie bitte die offiziellen Support-Dokumente f\u00fcr Ihren Browser.<\/p>\n<\/div>\n\n\t\t<\/div>\n\t\t\t\t\t<\/div>\n\n\t\n\n<\/div>\n\n\t\t<\/div>\n\n\t\t\n<style>\n#section_1001283104 {\n  padding-top: 60px;\n  padding-bottom: 60px;\n  min-height: 300px;\n  background-color: rgb(245, 245, 245);\n}\n<\/style>\n\t<\/section>\n\t\n\n","protected":false},"excerpt":{"rendered":"","protected":false},"author":1,"featured_media":0,"parent":0,"menu_order":0,"comment_status":"closed","ping_status":"closed","template":"","meta":{"_acf_changed":false,"inline_featured_image":false,"footnotes":""},"class_list":["post-974","page","type-page","status-publish","hentry"],"acf":[],"yoast_head":"<!-- This site is optimized with the Yoast SEO plugin v27.3 - https:\/\/yoast.com\/product\/yoast-seo-wordpress\/ -->\n<title>Cookie-Richtlinie - Mobil-Lux 2023 - Europ\u00e4ischer Mobilit\u00e4tskongress<\/title>\n<meta name=\"robots\" content=\"noindex, follow, max-snippet:-1, max-image-preview:large, max-video-preview:-1\" \/>\n<meta property=\"og:locale\" content=\"de_DE\" \/>\n<meta property=\"og:type\" content=\"article\" \/>\n<meta property=\"og:title\" content=\"Cookie-Richtlinie - Mobil-Lux 2023 - Europ\u00e4ischer Mobilit\u00e4tskongress\" \/>\n<meta property=\"og:url\" content=\"https:\/\/mobil-lux.test2u.lu\/de\/cookie-richtlinie\/\" \/>\n<meta property=\"og:site_name\" content=\"Mobil-Lux\" \/>\n<meta property=\"article:modified_time\" content=\"2022-11-29T09:41:16+00:00\" \/>\n<meta name=\"twitter:card\" content=\"summary_large_image\" \/>\n<meta name=\"twitter:label1\" content=\"Gesch\u00e4tzte Lesezeit\" \/>\n\t<meta name=\"twitter:data1\" content=\"2\u00a0Minuten\" \/>\n<script type=\"application\/ld+json\" class=\"yoast-schema-graph\">{\"@context\":\"https:\\\/\\\/schema.org\",\"@graph\":[{\"@type\":\"WebPage\",\"@id\":\"https:\\\/\\\/mobil-lux.test2u.lu\\\/de\\\/cookie-richtlinie\\\/\",\"url\":\"https:\\\/\\\/mobil-lux.test2u.lu\\\/de\\\/cookie-richtlinie\\\/\",\"name\":\"Cookie-Richtlinie - Mobil-Lux 2023 - Europ\u00e4ischer Mobilit\u00e4tskongress\",\"isPartOf\":{\"@id\":\"https:\\\/\\\/mobil-lux.test2u.lu\\\/#website\"},\"datePublished\":\"2022-11-25T14:05:30+00:00\",\"dateModified\":\"2022-11-29T09:41:16+00:00\",\"breadcrumb\":{\"@id\":\"https:\\\/\\\/mobil-lux.test2u.lu\\\/de\\\/cookie-richtlinie\\\/#breadcrumb\"},\"inLanguage\":\"de\",\"potentialAction\":[{\"@type\":\"ReadAction\",\"target\":[\"https:\\\/\\\/mobil-lux.test2u.lu\\\/de\\\/cookie-richtlinie\\\/\"]}]},{\"@type\":\"BreadcrumbList\",\"@id\":\"https:\\\/\\\/mobil-lux.test2u.lu\\\/de\\\/cookie-richtlinie\\\/#breadcrumb\",\"itemListElement\":[{\"@type\":\"ListItem\",\"position\":1,\"name\":\"Home\",\"item\":\"https:\\\/\\\/mobil-lux.test2u.lu\\\/de\\\/\"},{\"@type\":\"ListItem\",\"position\":2,\"name\":\"Cookie-Richtlinie\"}]},{\"@type\":\"WebSite\",\"@id\":\"https:\\\/\\\/mobil-lux.test2u.lu\\\/#website\",\"url\":\"https:\\\/\\\/mobil-lux.test2u.lu\\\/\",\"name\":\"Mobil-Lux 2023 - Conf\u00e9rence Europ\u00e9enne de la Mobilit\u00e9\",\"description\":\"Europ\u00e4ischer Mobilit\u00e4tskongress\",\"publisher\":{\"@id\":\"https:\\\/\\\/mobil-lux.test2u.lu\\\/#organization\"},\"potentialAction\":[{\"@type\":\"SearchAction\",\"target\":{\"@type\":\"EntryPoint\",\"urlTemplate\":\"https:\\\/\\\/mobil-lux.test2u.lu\\\/?s={search_term_string}\"},\"query-input\":{\"@type\":\"PropertyValueSpecification\",\"valueRequired\":true,\"valueName\":\"search_term_string\"}}],\"inLanguage\":\"de\"},{\"@type\":\"Organization\",\"@id\":\"https:\\\/\\\/mobil-lux.test2u.lu\\\/#organization\",\"name\":\"Mobil-Lux - Conf\u00e9rence Europ\u00e9enne de la Mobilit\u00e9\",\"url\":\"https:\\\/\\\/mobil-lux.test2u.lu\\\/\",\"logo\":{\"@type\":\"ImageObject\",\"inLanguage\":\"de\",\"@id\":\"https:\\\/\\\/mobil-lux.test2u.lu\\\/#\\\/schema\\\/logo\\\/image\\\/\",\"url\":\"https:\\\/\\\/mobil-lux.test2u.lu\\\/wp-content\\\/uploads\\\/2022\\\/11\\\/cropped-favicon.png\",\"contentUrl\":\"https:\\\/\\\/mobil-lux.test2u.lu\\\/wp-content\\\/uploads\\\/2022\\\/11\\\/cropped-favicon.png\",\"width\":512,\"height\":512,\"caption\":\"Mobil-Lux - Conf\u00e9rence Europ\u00e9enne de la Mobilit\u00e9\"},\"image\":{\"@id\":\"https:\\\/\\\/mobil-lux.test2u.lu\\\/#\\\/schema\\\/logo\\\/image\\\/\"},\"sameAs\":[\"https:\\\/\\\/www.linkedin.com\\\/company\\\/mobil-luxembourg\\\/\"]}]}<\/script>\n<!-- \/ Yoast SEO plugin. -->","yoast_head_json":{"title":"Cookie-Richtlinie - Mobil-Lux 2023 - Europ\u00e4ischer Mobilit\u00e4tskongress","robots":{"index":"noindex","follow":"follow","max-snippet":"max-snippet:-1","max-image-preview":"max-image-preview:large","max-video-preview":"max-video-preview:-1"},"og_locale":"de_DE","og_type":"article","og_title":"Cookie-Richtlinie - Mobil-Lux 2023 - Europ\u00e4ischer Mobilit\u00e4tskongress","og_url":"https:\/\/mobil-lux.test2u.lu\/de\/cookie-richtlinie\/","og_site_name":"Mobil-Lux","article_modified_time":"2022-11-29T09:41:16+00:00","twitter_card":"summary_large_image","twitter_misc":{"Gesch\u00e4tzte Lesezeit":"2\u00a0Minuten"},"schema":{"@context":"https:\/\/schema.org","@graph":[{"@type":"WebPage","@id":"https:\/\/mobil-lux.test2u.lu\/de\/cookie-richtlinie\/","url":"https:\/\/mobil-lux.test2u.lu\/de\/cookie-richtlinie\/","name":"Cookie-Richtlinie - Mobil-Lux 2023 - Europ\u00e4ischer Mobilit\u00e4tskongress","isPartOf":{"@id":"https:\/\/mobil-lux.test2u.lu\/#website"},"datePublished":"2022-11-25T14:05:30+00:00","dateModified":"2022-11-29T09:41:16+00:00","breadcrumb":{"@id":"https:\/\/mobil-lux.test2u.lu\/de\/cookie-richtlinie\/#breadcrumb"},"inLanguage":"de","potentialAction":[{"@type":"ReadAction","target":["https:\/\/mobil-lux.test2u.lu\/de\/cookie-richtlinie\/"]}]},{"@type":"BreadcrumbList","@id":"https:\/\/mobil-lux.test2u.lu\/de\/cookie-richtlinie\/#breadcrumb","itemListElement":[{"@type":"ListItem","position":1,"name":"Home","item":"https:\/\/mobil-lux.test2u.lu\/de\/"},{"@type":"ListItem","position":2,"name":"Cookie-Richtlinie"}]},{"@type":"WebSite","@id":"https:\/\/mobil-lux.test2u.lu\/#website","url":"https:\/\/mobil-lux.test2u.lu\/","name":"Mobil-Lux 2023 - Conf\u00e9rence Europ\u00e9enne de la Mobilit\u00e9","description":"Europ\u00e4ischer Mobilit\u00e4tskongress","publisher":{"@id":"https:\/\/mobil-lux.test2u.lu\/#organization"},"potentialAction":[{"@type":"SearchAction","target":{"@type":"EntryPoint","urlTemplate":"https:\/\/mobil-lux.test2u.lu\/?s={search_term_string}"},"query-input":{"@type":"PropertyValueSpecification","valueRequired":true,"valueName":"search_term_string"}}],"inLanguage":"de"},{"@type":"Organization","@id":"https:\/\/mobil-lux.test2u.lu\/#organization","name":"Mobil-Lux - Conf\u00e9rence Europ\u00e9enne de la Mobilit\u00e9","url":"https:\/\/mobil-lux.test2u.lu\/","logo":{"@type":"ImageObject","inLanguage":"de","@id":"https:\/\/mobil-lux.test2u.lu\/#\/schema\/logo\/image\/","url":"https:\/\/mobil-lux.test2u.lu\/wp-content\/uploads\/2022\/11\/cropped-favicon.png","contentUrl":"https:\/\/mobil-lux.test2u.lu\/wp-content\/uploads\/2022\/11\/cropped-favicon.png","width":512,"height":512,"caption":"Mobil-Lux - Conf\u00e9rence Europ\u00e9enne de la Mobilit\u00e9"},"image":{"@id":"https:\/\/mobil-lux.test2u.lu\/#\/schema\/logo\/image\/"},"sameAs":["https:\/\/www.linkedin.com\/company\/mobil-luxembourg\/"]}]}},"_links":{"self":[{"href":"https:\/\/mobil-lux.test2u.lu\/de\/wp-json\/wp\/v2\/pages\/974","targetHints":{"allow":["GET"]}}],"collection":[{"href":"https:\/\/mobil-lux.test2u.lu\/de\/wp-json\/wp\/v2\/pages"}],"about":[{"href":"https:\/\/mobil-lux.test2u.lu\/de\/wp-json\/wp\/v2\/types\/page"}],"author":[{"embeddable":true,"href":"https:\/\/mobil-lux.test2u.lu\/de\/wp-json\/wp\/v2\/users\/1"}],"replies":[{"embeddable":true,"href":"https:\/\/mobil-lux.test2u.lu\/de\/wp-json\/wp\/v2\/comments?post=974"}],"version-history":[{"count":0,"href":"https:\/\/mobil-lux.test2u.lu\/de\/wp-json\/wp\/v2\/pages\/974\/revisions"}],"wp:attachment":[{"href":"https:\/\/mobil-lux.test2u.lu\/de\/wp-json\/wp\/v2\/media?parent=974"}],"curies":[{"name":"wp","href":"https:\/\/api.w.org\/{rel}","templated":true}]}}