{"id":968,"date":"2022-11-25T08:36:13","date_gmt":"2022-11-25T07:36:13","guid":{"rendered":"https:\/\/mobil-lux-congress.lu\/kontakt\/"},"modified":"2023-01-12T11:30:33","modified_gmt":"2023-01-12T10:30:33","slug":"kontakt","status":"publish","type":"page","link":"https:\/\/mobil-lux.test2u.lu\/de\/kontakt\/","title":{"rendered":"Kontakt"},"content":{"rendered":"\n\t<section class=\"section\" id=\"section_1843604900\">\n\t\t<div class=\"bg section-bg fill bg-fill  \" >\n\n\t\t\t\n\t\t\t<div class=\"section-bg-overlay absolute fill\"><\/div>\n\t\t\t\n\n\t\t<\/div>\n\n\t\t\n\n\t\t<div class=\"section-content relative\">\n\t\t\t\n\n\t<div id=\"text-2715373645\" class=\"text\">\n\t\t\n\n<h1>Kontakt<\/h1>\n<p class=\"lead\">Wenden Sie sich an uns<\/p>\n\t\t\n<style>\n#text-2715373645 {\n  font-size: 1.5rem;\n  text-align: center;\n  color: rgb(255,255,255);\n}\n#text-2715373645 > * {\n  color: rgb(255,255,255);\n}\n<\/style>\n\t<\/div>\n\t\n\n\t\t<\/div>\n\n\t\t\n<style>\n#section_1843604900 {\n  padding-top: 0px;\n  padding-bottom: 0px;\n  min-height: 0px;\n}\n#section_1843604900 .section-bg-overlay {\n  background-color: rgba(0, 0, 0, 0.12);\n}\n#section_1843604900 .section-bg.bg-loaded {\n  background-image: url(https:\/\/mobil-lux.test2u.lu\/wp-content\/uploads\/2022\/11\/banniere-mobillux.jpg);\n}\n#section_1843604900 .section-bg {\n  background-position: 52% 49%;\n}\n@media (min-width:550px) {\n  #section_1843604900 {\n    padding-top: 0px;\n    padding-bottom: 0px;\n  }\n  #section_1843604900 .section-bg-overlay {\n    background-color: rgba(0, 0, 0, 0.21);\n  }\n}\n@media (min-width:850px) {\n  #section_1843604900 {\n    padding-top: 100px;\n    padding-bottom: 100px;\n  }\n  #section_1843604900 .section-bg-overlay {\n    background-color: rgba(0, 0, 0, 0.12);\n  }\n}\n<\/style>\n\t<\/section>\n\t\n<div class=\"row row-large\" style=\"max-width:1400px\" id=\"row-918566125\">\n\n\n\t<div id=\"col-996106783\" class=\"col small-12 large-12\"  >\n\t\t\t\t<div class=\"col-inner\" style=\"background-color:rgb(255, 255, 255);\" >\n\t\t\t\n\t\t\t\n\n<div class=\"row row-collapse row-full-width\"  id=\"row-527956898\">\n\n\n\t<div id=\"col-572079064\" class=\"col medium-12 small-12 large-6\"  >\n\t\t\t\t<div class=\"col-inner\"  >\n\t\t\t\n\t\t\t\n\n<p class=\"lead\">Ihre Ansprechpartnerinnen<\/p>\n<div class=\"row align-bottom\"  id=\"row-584332933\">\n\n\n\t<div id=\"col-1294543315\" class=\"col medium-6 small-12 large-6\"  >\n\t\t\t\t<div class=\"col-inner\"  >\n\t\t\t\n\t\t\t\n\n<h4 class=\"uppercase\">Luxtram<\/h4>\n<p>Fran\u00e7oise FRIEDEN<br>\nDirektorin f\u00fcr Kommunikation<br>\n<strong>Tel.<\/strong> +352 27 20 39 \u201336<br>\n<strong>Mobil:<\/strong> +352 621 282 164<\/p>\n\n\t\t<\/div>\n\t\t\t\t\t<\/div>\n\n\t\n\n\t<div id=\"col-1445847031\" class=\"col medium-6 small-12 large-6\"  >\n\t\t\t\t<div class=\"col-inner\"  >\n\t\t\t\n\t\t\t\n\n<p>Nadine SCHINTGEN<br>\nKommunikationsbeauftragte<br>\n<strong>Tel.<\/strong> +352 27 20 39 \u201323<br>\n<strong>Mobil<\/strong>: +352 621 758 780<\/p>\n\n\t\t<\/div>\n\t\t\t\t\t<\/div>\n\n\t\n\n<\/div>\n<div class=\"row\"  id=\"row-217724411\">\n\n\n\t<div id=\"col-671194480\" class=\"col small-12 large-12\"  >\n\t\t\t\t<div class=\"col-inner\"  >\n\t\t\t\n\t\t\t\n\n<p><strong>E-mail:<\/strong> <a href=\"mailto:info@mobil-lux.lu\">info@mobil-lux.lu<\/a><br>B.P. 834 \u2013 L-2018 Luxembourg<br>\n<a href=\"http:\/\/www.luxtram.lu\">www.luxtram.lu<\/a><\/p>\n\n\t\t<\/div>\n\t\t\t\t\t<\/div>\n\n\t\n\n<\/div>\n\n\t\t<\/div>\n\t\t\t\t\n<style>\n#col-572079064 > .col-inner {\n  padding: 0px 0px 0px 20px;\n}\n<\/style>\n\t<\/div>\n\n\t\n\n\t<div id=\"col-1015758271\" class=\"col medium-12 small-12 large-6\"  >\n\t\t\t\t<div class=\"col-inner\"  >\n\t\t\t\n\t\t\t\n\n\t<div id=\"gap-1555342736\" class=\"gap-element clearfix\" style=\"display:block; height:auto;\">\n\t\t\n<style>\n#gap-1555342736 {\n  padding-top: 20px;\n}\n@media (min-width:550px) {\n  #gap-1555342736 {\n    padding-top: 20px;\n  }\n}\n@media (min-width:850px) {\n  #gap-1555342736 {\n    padding-top: 30px;\n  }\n}\n<\/style>\n\t<\/div>\n\t\n\n\n<div class=\"wpcf7 no-js\" id=\"wpcf7-f970-o1\" lang=\"de-DE\" dir=\"ltr\" data-wpcf7-id=\"970\">\n<div class=\"screen-reader-response\"><p role=\"status\" aria-live=\"polite\" aria-atomic=\"true\"><\/p> <ul><\/ul><\/div>\n<form action=\"\/de\/wp-json\/wp\/v2\/pages\/968#wpcf7-f970-o1\" method=\"post\" class=\"wpcf7-form init\" aria-label=\"Kontaktformular\" novalidate=\"novalidate\" data-status=\"init\">\n<fieldset class=\"hidden-fields-container\"><input type=\"hidden\" name=\"_wpcf7\" value=\"970\" \/><input type=\"hidden\" name=\"_wpcf7_version\" value=\"6.1.5\" \/><input type=\"hidden\" name=\"_wpcf7_locale\" value=\"de_DE\" \/><input type=\"hidden\" name=\"_wpcf7_unit_tag\" value=\"wpcf7-f970-o1\" \/><input type=\"hidden\" name=\"_wpcf7_container_post\" value=\"0\" \/><input type=\"hidden\" name=\"_wpcf7_posted_data_hash\" value=\"\" \/>\n<\/fieldset>\n<div class=\"flex-row form-flat medium-flex-wrap\">\n\t<div class=\"flex-col flex-grow\">\n\t\t<p><span class=\"wpcf7-form-control-wrap\" data-name=\"your-surname\"><input size=\"40\" maxlength=\"400\" class=\"wpcf7-form-control wpcf7-text wpcf7-validates-as-required\" aria-required=\"true\" aria-invalid=\"false\" placeholder=\"Name*\" value=\"\" type=\"text\" name=\"your-surname\" \/><\/span>\n\t\t<\/p>\n\t<\/div>\n\t<div class=\"flex-col flex-grow\">\n\t\t<p><span class=\"wpcf7-form-control-wrap\" data-name=\"your-name\"><input size=\"40\" maxlength=\"400\" class=\"wpcf7-form-control wpcf7-text wpcf7-validates-as-required\" aria-required=\"true\" aria-invalid=\"false\" placeholder=\"Vorname*\" value=\"\" type=\"text\" name=\"your-name\" \/><\/span>\n\t\t<\/p>\n\t<\/div>\n<\/div>\n<div style=\"margin-top:20px;\">\n<\/div>\n<div class=\"flex-row form-flat medium-flex-wrap\">\n\t<div class=\"flex-col flex-grow\">\n\t\t<p><span class=\"wpcf7-form-control-wrap\" data-name=\"organisation\"><input size=\"40\" maxlength=\"400\" class=\"wpcf7-form-control wpcf7-text\" aria-invalid=\"false\" placeholder=\"Unternehmen\/Organisation\" value=\"\" type=\"text\" name=\"organisation\" \/><\/span>\n\t\t<\/p>\n\t<\/div>\n\t<div class=\"flex-col flex-grow\">\n\t\t<p><span class=\"wpcf7-form-control-wrap\" data-name=\"fonction\"><input size=\"40\" maxlength=\"400\" class=\"wpcf7-form-control wpcf7-text\" aria-invalid=\"false\" placeholder=\"Funktion\" value=\"\" type=\"text\" name=\"fonction\" \/><\/span>\n\t\t<\/p>\n\t<\/div>\n<\/div>\n<div style=\"margin-top:20px;\">\n<\/div>\n<div class=\"flex-row form-flat medium-flex-wrap\">\n\t<div class=\"flex-col flex-grow\">\n\t\t<p><span class=\"wpcf7-form-control-wrap\" data-name=\"tel-number\"><input size=\"40\" maxlength=\"400\" class=\"wpcf7-form-control wpcf7-tel wpcf7-text wpcf7-validates-as-tel\" aria-invalid=\"false\" placeholder=\"Telefonnummer\" value=\"\" type=\"tel\" name=\"tel-number\" \/><\/span>\n\t\t<\/p>\n\t<\/div>\n\t<div class=\"flex-col flex-grow\">\n\t\t<p><span class=\"wpcf7-form-control-wrap\" data-name=\"email-365\"><input size=\"40\" maxlength=\"400\" class=\"wpcf7-form-control wpcf7-email wpcf7-validates-as-required wpcf7-text wpcf7-validates-as-email\" aria-required=\"true\" aria-invalid=\"false\" placeholder=\"E-mail*\" value=\"\" type=\"email\" name=\"email-365\" \/><\/span>\n\t\t<\/p>\n\t<\/div>\n<\/div>\n<div style=\"margin-top:20px;\">\n<\/div>\n<div class=\"flex-row form-flat medium-flex-wrap\">\n\t<div class=\"flex-col flex-grow\">\n\t\t<p><span class=\"wpcf7-form-control-wrap\" data-name=\"subject\"><input size=\"40\" maxlength=\"400\" class=\"wpcf7-form-control wpcf7-text\" aria-invalid=\"false\" placeholder=\"Betreff\" value=\"\" type=\"text\" name=\"subject\" \/><\/span>\n\t\t<\/p>\n\t<\/div>\n<\/div>\n<div style=\"margin-top:20px;\">\n<\/div>\n<div class=\"flex-row form-flat medium-flex-wrap\">\n\t<div class=\"flex-col flex-grow\">\n\t\t<p><span class=\"wpcf7-form-control-wrap\" data-name=\"message\"><textarea cols=\"40\" rows=\"10\" maxlength=\"2000\" class=\"wpcf7-form-control wpcf7-textarea\" aria-invalid=\"false\" placeholder=\"Nachricht\" name=\"message\"><\/textarea><\/span>\n\t\t<\/p>\n\t<\/div>\n<\/div>\n<div class=\"form-flat\">\n\t<p><input class=\"wpcf7-form-control wpcf7-submit has-spinner\" type=\"submit\" value=\"Absenden\" \/>\n\t<\/p>\n<\/div><p style=\"display: none !important;\" class=\"akismet-fields-container\" data-prefix=\"_wpcf7_ak_\"><label>&#916;<textarea name=\"_wpcf7_ak_hp_textarea\" cols=\"45\" rows=\"8\" maxlength=\"100\"><\/textarea><\/label><input type=\"hidden\" id=\"ak_js_1\" name=\"_wpcf7_ak_js\" value=\"185\"\/><script>document.getElementById( \"ak_js_1\" ).setAttribute( \"value\", ( new Date() ).getTime() );<\/script><\/p><div class=\"wpcf7-response-output\" aria-hidden=\"true\"><\/div>\n<\/form>\n<\/div>\n\n\n\n\t\t<\/div>\n\t\t\t\t\t<\/div>\n\n\t\n\n\n<style>\n#row-527956898 > .col > .col-inner {\n  padding: 0px 15px 0px 15px;\n}\n<\/style>\n<\/div>\n\n\t\t<\/div>\n\t\t\t\t\n<style>\n#col-996106783 > .col-inner {\n  padding: 50px 20px 0px 20px;\n  margin: -0 0px 0px 0px;\n}\n@media (min-width:550px) {\n  #col-996106783 > .col-inner {\n    padding: 50px 20px 30px 20px;\n    margin: 0 0px 0px 0px;\n  }\n}\n@media (min-width:850px) {\n  #col-996106783 > .col-inner {\n    padding: 66px 5% 16px 5%;\n    margin: -135px 0px 0px 0px;\n  }\n}\n<\/style>\n\t<\/div>\n\n\t\n\n<\/div>\n<div class=\"row row-collapse row-full-width\"  id=\"row-141806610\">\n\n\n\t<div id=\"col-938190979\" class=\"col small-12 large-12\"  >\n\t\t\t\t<div class=\"col-inner\"  >\n\t\t\t\n\t\t\t\n\n\n\n<iframe src=\"https:\/\/www.google.com\/maps\/embed?pb=!1m18!1m12!1m3!1d2583.8729103776723!2d6.179136115720375!3d49.637849853460814!2m3!1f0!2f0!3f0!3m2!1i1024!2i768!4f13.1!3m3!1m2!1s0x47954ed51a835c13%3A0xdb6d7eb66deb5bf4!2sLUXTRAM%20S.A.!5e0!3m2!1sen!2slu!4v1669365478719!5m2!1sen!2slu\" width=\"100%\" height=\"250\" style=\"border:0;\" allowfullscreen=\"\" loading=\"lazy\" referrerpolicy=\"no-referrer-when-downgrade\"><\/iframe>\n\n\n\t\t<\/div>\n\t\t\t\t\n<style>\n#col-938190979 > .col-inner {\n  padding: 0px 0px 0px 0px;\n}\n<\/style>\n\t<\/div>\n\n\t\n\n<\/div>\n","protected":false},"excerpt":{"rendered":"","protected":false},"author":1,"featured_media":0,"parent":0,"menu_order":0,"comment_status":"closed","ping_status":"closed","template":"page-blank.php","meta":{"_acf_changed":false,"inline_featured_image":false,"footnotes":""},"class_list":["post-968","page","type-page","status-publish","hentry"],"acf":[],"yoast_head":"<!-- This site is optimized with the Yoast SEO plugin v27.3 - https:\/\/yoast.com\/product\/yoast-seo-wordpress\/ -->\n<title>Kontakt - Mobil-Lux 2023 - Europ\u00e4ischer Mobilit\u00e4tskongress<\/title>\n<meta name=\"description\" content=\"Wenden Sie sich an uns - Ihre Ansprechpartnerinnen - Fran\u00e7oise FRIEDEN Tel. +352 27 20 39 \u201336 Mobil: +352 621 282 164\" \/>\n<meta name=\"robots\" content=\"noindex, follow, max-snippet:-1, max-image-preview:large, max-video-preview:-1\" \/>\n<meta property=\"og:locale\" content=\"de_DE\" \/>\n<meta property=\"og:type\" content=\"article\" \/>\n<meta property=\"og:title\" content=\"Kontakt - Mobil-Lux 2023 - Europ\u00e4ischer Mobilit\u00e4tskongress\" \/>\n<meta property=\"og:description\" content=\"Wenden Sie sich an uns - Ihre Ansprechpartnerinnen - Fran\u00e7oise FRIEDEN Tel. +352 27 20 39 \u201336 Mobil: +352 621 282 164\" \/>\n<meta property=\"og:url\" content=\"https:\/\/mobil-lux.test2u.lu\/de\/kontakt\/\" \/>\n<meta property=\"og:site_name\" content=\"Mobil-Lux\" \/>\n<meta property=\"article:modified_time\" content=\"2023-01-12T10:30:33+00:00\" \/>\n<meta name=\"twitter:card\" content=\"summary_large_image\" \/>\n<meta name=\"twitter:label1\" content=\"Gesch\u00e4tzte Lesezeit\" \/>\n\t<meta name=\"twitter:data1\" content=\"1\u00a0Minute\" \/>\n<script type=\"application\/ld+json\" class=\"yoast-schema-graph\">{\"@context\":\"https:\\\/\\\/schema.org\",\"@graph\":[{\"@type\":\"WebPage\",\"@id\":\"https:\\\/\\\/mobil-lux.test2u.lu\\\/de\\\/kontakt\\\/\",\"url\":\"https:\\\/\\\/mobil-lux.test2u.lu\\\/de\\\/kontakt\\\/\",\"name\":\"Kontakt - Mobil-Lux 2023 - Europ\u00e4ischer Mobilit\u00e4tskongress\",\"isPartOf\":{\"@id\":\"https:\\\/\\\/mobil-lux.test2u.lu\\\/#website\"},\"datePublished\":\"2022-11-25T07:36:13+00:00\",\"dateModified\":\"2023-01-12T10:30:33+00:00\",\"description\":\"Wenden Sie sich an uns - Ihre Ansprechpartnerinnen - Fran\u00e7oise FRIEDEN Tel. +352 27 20 39 \u201336 Mobil: +352 621 282 164\",\"breadcrumb\":{\"@id\":\"https:\\\/\\\/mobil-lux.test2u.lu\\\/de\\\/kontakt\\\/#breadcrumb\"},\"inLanguage\":\"de\",\"potentialAction\":[{\"@type\":\"ReadAction\",\"target\":[\"https:\\\/\\\/mobil-lux.test2u.lu\\\/de\\\/kontakt\\\/\"]}]},{\"@type\":\"BreadcrumbList\",\"@id\":\"https:\\\/\\\/mobil-lux.test2u.lu\\\/de\\\/kontakt\\\/#breadcrumb\",\"itemListElement\":[{\"@type\":\"ListItem\",\"position\":1,\"name\":\"Home\",\"item\":\"https:\\\/\\\/mobil-lux.test2u.lu\\\/de\\\/\"},{\"@type\":\"ListItem\",\"position\":2,\"name\":\"Kontakt\"}]},{\"@type\":\"WebSite\",\"@id\":\"https:\\\/\\\/mobil-lux.test2u.lu\\\/#website\",\"url\":\"https:\\\/\\\/mobil-lux.test2u.lu\\\/\",\"name\":\"Mobil-Lux 2023 - Conf\u00e9rence Europ\u00e9enne de la Mobilit\u00e9\",\"description\":\"Europ\u00e4ischer Mobilit\u00e4tskongress\",\"publisher\":{\"@id\":\"https:\\\/\\\/mobil-lux.test2u.lu\\\/#organization\"},\"potentialAction\":[{\"@type\":\"SearchAction\",\"target\":{\"@type\":\"EntryPoint\",\"urlTemplate\":\"https:\\\/\\\/mobil-lux.test2u.lu\\\/?s={search_term_string}\"},\"query-input\":{\"@type\":\"PropertyValueSpecification\",\"valueRequired\":true,\"valueName\":\"search_term_string\"}}],\"inLanguage\":\"de\"},{\"@type\":\"Organization\",\"@id\":\"https:\\\/\\\/mobil-lux.test2u.lu\\\/#organization\",\"name\":\"Mobil-Lux - Conf\u00e9rence Europ\u00e9enne de la Mobilit\u00e9\",\"url\":\"https:\\\/\\\/mobil-lux.test2u.lu\\\/\",\"logo\":{\"@type\":\"ImageObject\",\"inLanguage\":\"de\",\"@id\":\"https:\\\/\\\/mobil-lux.test2u.lu\\\/#\\\/schema\\\/logo\\\/image\\\/\",\"url\":\"https:\\\/\\\/mobil-lux.test2u.lu\\\/wp-content\\\/uploads\\\/2022\\\/11\\\/cropped-favicon.png\",\"contentUrl\":\"https:\\\/\\\/mobil-lux.test2u.lu\\\/wp-content\\\/uploads\\\/2022\\\/11\\\/cropped-favicon.png\",\"width\":512,\"height\":512,\"caption\":\"Mobil-Lux - Conf\u00e9rence Europ\u00e9enne de la Mobilit\u00e9\"},\"image\":{\"@id\":\"https:\\\/\\\/mobil-lux.test2u.lu\\\/#\\\/schema\\\/logo\\\/image\\\/\"},\"sameAs\":[\"https:\\\/\\\/www.linkedin.com\\\/company\\\/mobil-luxembourg\\\/\"]}]}<\/script>\n<!-- \/ Yoast SEO plugin. -->","yoast_head_json":{"title":"Kontakt - Mobil-Lux 2023 - Europ\u00e4ischer Mobilit\u00e4tskongress","description":"Wenden Sie sich an uns - Ihre Ansprechpartnerinnen - Fran\u00e7oise FRIEDEN Tel. +352 27 20 39 \u201336 Mobil: +352 621 282 164","robots":{"index":"noindex","follow":"follow","max-snippet":"max-snippet:-1","max-image-preview":"max-image-preview:large","max-video-preview":"max-video-preview:-1"},"og_locale":"de_DE","og_type":"article","og_title":"Kontakt - Mobil-Lux 2023 - Europ\u00e4ischer Mobilit\u00e4tskongress","og_description":"Wenden Sie sich an uns - Ihre Ansprechpartnerinnen - Fran\u00e7oise FRIEDEN Tel. +352 27 20 39 \u201336 Mobil: +352 621 282 164","og_url":"https:\/\/mobil-lux.test2u.lu\/de\/kontakt\/","og_site_name":"Mobil-Lux","article_modified_time":"2023-01-12T10:30:33+00:00","twitter_card":"summary_large_image","twitter_misc":{"Gesch\u00e4tzte Lesezeit":"1\u00a0Minute"},"schema":{"@context":"https:\/\/schema.org","@graph":[{"@type":"WebPage","@id":"https:\/\/mobil-lux.test2u.lu\/de\/kontakt\/","url":"https:\/\/mobil-lux.test2u.lu\/de\/kontakt\/","name":"Kontakt - Mobil-Lux 2023 - Europ\u00e4ischer Mobilit\u00e4tskongress","isPartOf":{"@id":"https:\/\/mobil-lux.test2u.lu\/#website"},"datePublished":"2022-11-25T07:36:13+00:00","dateModified":"2023-01-12T10:30:33+00:00","description":"Wenden Sie sich an uns - Ihre Ansprechpartnerinnen - Fran\u00e7oise FRIEDEN Tel. +352 27 20 39 \u201336 Mobil: +352 621 282 164","breadcrumb":{"@id":"https:\/\/mobil-lux.test2u.lu\/de\/kontakt\/#breadcrumb"},"inLanguage":"de","potentialAction":[{"@type":"ReadAction","target":["https:\/\/mobil-lux.test2u.lu\/de\/kontakt\/"]}]},{"@type":"BreadcrumbList","@id":"https:\/\/mobil-lux.test2u.lu\/de\/kontakt\/#breadcrumb","itemListElement":[{"@type":"ListItem","position":1,"name":"Home","item":"https:\/\/mobil-lux.test2u.lu\/de\/"},{"@type":"ListItem","position":2,"name":"Kontakt"}]},{"@type":"WebSite","@id":"https:\/\/mobil-lux.test2u.lu\/#website","url":"https:\/\/mobil-lux.test2u.lu\/","name":"Mobil-Lux 2023 - Conf\u00e9rence Europ\u00e9enne de la Mobilit\u00e9","description":"Europ\u00e4ischer Mobilit\u00e4tskongress","publisher":{"@id":"https:\/\/mobil-lux.test2u.lu\/#organization"},"potentialAction":[{"@type":"SearchAction","target":{"@type":"EntryPoint","urlTemplate":"https:\/\/mobil-lux.test2u.lu\/?s={search_term_string}"},"query-input":{"@type":"PropertyValueSpecification","valueRequired":true,"valueName":"search_term_string"}}],"inLanguage":"de"},{"@type":"Organization","@id":"https:\/\/mobil-lux.test2u.lu\/#organization","name":"Mobil-Lux - Conf\u00e9rence Europ\u00e9enne de la Mobilit\u00e9","url":"https:\/\/mobil-lux.test2u.lu\/","logo":{"@type":"ImageObject","inLanguage":"de","@id":"https:\/\/mobil-lux.test2u.lu\/#\/schema\/logo\/image\/","url":"https:\/\/mobil-lux.test2u.lu\/wp-content\/uploads\/2022\/11\/cropped-favicon.png","contentUrl":"https:\/\/mobil-lux.test2u.lu\/wp-content\/uploads\/2022\/11\/cropped-favicon.png","width":512,"height":512,"caption":"Mobil-Lux - Conf\u00e9rence Europ\u00e9enne de la Mobilit\u00e9"},"image":{"@id":"https:\/\/mobil-lux.test2u.lu\/#\/schema\/logo\/image\/"},"sameAs":["https:\/\/www.linkedin.com\/company\/mobil-luxembourg\/"]}]}},"_links":{"self":[{"href":"https:\/\/mobil-lux.test2u.lu\/de\/wp-json\/wp\/v2\/pages\/968","targetHints":{"allow":["GET"]}}],"collection":[{"href":"https:\/\/mobil-lux.test2u.lu\/de\/wp-json\/wp\/v2\/pages"}],"about":[{"href":"https:\/\/mobil-lux.test2u.lu\/de\/wp-json\/wp\/v2\/types\/page"}],"author":[{"embeddable":true,"href":"https:\/\/mobil-lux.test2u.lu\/de\/wp-json\/wp\/v2\/users\/1"}],"replies":[{"embeddable":true,"href":"https:\/\/mobil-lux.test2u.lu\/de\/wp-json\/wp\/v2\/comments?post=968"}],"version-history":[{"count":0,"href":"https:\/\/mobil-lux.test2u.lu\/de\/wp-json\/wp\/v2\/pages\/968\/revisions"}],"wp:attachment":[{"href":"https:\/\/mobil-lux.test2u.lu\/de\/wp-json\/wp\/v2\/media?parent=968"}],"curies":[{"name":"wp","href":"https:\/\/api.w.org\/{rel}","templated":true}]}}