{"id":964,"date":"2022-11-24T15:29:51","date_gmt":"2022-11-24T14:29:51","guid":{"rendered":"https:\/\/mobil-lux-congress.lu\/partner\/"},"modified":"2023-01-12T11:43:09","modified_gmt":"2023-01-12T10:43:09","slug":"veranstalter","status":"publish","type":"page","link":"https:\/\/mobil-lux.test2u.lu\/de\/veranstalter\/","title":{"rendered":"Veranstalter"},"content":{"rendered":"\n\t<section class=\"section organisateursLux\" id=\"section_1996239304\">\n\t\t<div class=\"bg section-bg fill bg-fill  bg-loaded\" >\n\n\t\t\t\n\t\t\t\n\t\t\t\n\n\t\t<\/div>\n\n\t\t\n\n\t\t<div class=\"section-content relative\">\n\t\t\t\n\n<div class=\"row\"  id=\"row-2093923693\">\n\n\n\t<div id=\"col-1122423873\" class=\"col small-12 large-12\"  >\n\t\t\t\t<div class=\"col-inner\"  >\n\t\t\t\n\t\t\t\n\n<h1>Veranstalter<\/h1>\n\n\t\t<\/div>\n\t\t\t\t\t<\/div>\n\n\t\n\n\t<div id=\"col-1778677798\" class=\"col small-12 large-12\"  >\n\t\t\t\t<div class=\"col-inner\"  >\n\t\t\t\n\t\t\t\n\n\n\t\t<div class=\"icon-box featured-box icon-box-left text-left\"  >\n\t\t\t\t\t<div class=\"icon-box-img\" style=\"width: 200px\">\n\t\t\t\t<div class=\"icon\">\n\t\t\t\t\t<div class=\"icon-inner\" >\n\t\t\t\t\t\t<img loading=\"lazy\" decoding=\"async\" width=\"300\" height=\"150\" src=\"https:\/\/mobil-lux.test2u.lu\/wp-content\/uploads\/2022\/11\/organisateurs01-300x150.png\" class=\"attachment-medium size-medium\" alt=\"\" srcset=\"https:\/\/mobil-lux.test2u.lu\/wp-content\/uploads\/2022\/11\/organisateurs01-300x150.png 300w, https:\/\/mobil-lux.test2u.lu\/wp-content\/uploads\/2022\/11\/organisateurs01.png 400w\" sizes=\"auto, (max-width: 300px) 100vw, 300px\" \/>\t\t\t\t\t<\/div>\n\t\t\t\t<\/div>\n\t\t\t<\/div>\n\t\t\t\t<div class=\"icon-box-text last-reset\">\n\t\t\t\t\t\t\t\t\t\n\n<h2 class=\"h3\">Das Ministerium f\u00fcr Mobilit\u00e4t und \u00f6ffentliche Arbeiten<\/h2>\n<p style=\"font-weight: 400;\">In der <strong>Regierungserkl\u00e4rung <\/strong>wurden <strong>spezifische Zielsetzungen <\/strong>f\u00fcr die einzelnen Abteilungen des Ministeriums f\u00fcr Mobilit\u00e4t und \u00f6ffentliche Arbeiten festgelegt, d. h. die Abteilung f\u00fcr Mobilit\u00e4t und Transport und die Abteilung f\u00fcr \u00f6ffentliche Arbeiten.<\/p>\n<p style=\"font-weight: 400;\">Das Ministerium f\u00fcr Mobilit\u00e4t und \u00f6ffentliche Arbeiten setzt eine integrierte Verkehrspolitik um. Die \u00dcberwindung des Engpasses, der aktuell im Bereich der Mobilit\u00e4t zu verzeichnen ist, sowohl was die beruflich bedingte als auch die freizeitbezogene Mobilit\u00e4t angeht, hat f\u00fcr die Regierung h\u00f6chste Priorit\u00e4t.<\/p>\n<p style=\"font-weight: 400;\"><a href=\"https:\/\/transports.public.lu\/fr\/contexte\/strategie\/modu2.html\/\">Die Strategie f\u00fcr nachhaltige Mobilit\u00e4t<\/a> (MODU 2.0) stellt diesbez\u00fcglich eine Orientierung dar, die es gilt weiter auszugestalten und umzusetzen.<\/p>\n<p style=\"font-weight: 400;\">Zielsetzung ist es hierbei, eine gute Anbindung an \u00f6ffentliche Verkehrsmittel zu gew\u00e4hrleisten und die aktive Mobilit\u00e4t schon im Planungsstadium zu ber\u00fccksichtigen, sowohl im Bereich der Stra\u00dfen- und Schieneninfrastruktur, wie bei \u00f6ffentlichen Geb\u00e4uden, beim Neubau von Wohnungen, beim Aufbau von Freizeitangeboten und bei der Gestaltung von Einkaufszentren, sowie ein zielgerichtetes Parkraummanagement einzuf\u00fchren.<\/p>\n<p style=\"font-weight: 400;\">In diesem Rahmen wird nach der Strategie, die Modu 2.0 vorsieht, ein nationaler Mobilit\u00e4tsplan entwickelt und auf die Bed\u00fcrfnisse des Horizontes 2035 zugeschnitten.<\/p>\n<p style=\"font-weight: 400;\">Um die Daten f\u00fcr die Mobilit\u00e4tsplanung auf effiziente und durchgehende Art und Weise zu ermitteln, wird ein Mobilit\u00e4tsobservatorium eingef\u00fchrt.<\/p>\n<p style=\"font-weight: 400;\">Nach dem Start der multimodalen Strategie Modu 2.0 im Mai 2018 und dem Erfolg der Einf\u00fchrung des kostenlosen \u00f6ffentlichen Transports im Gro\u00dfherzogtum Luxemburg im M\u00e4rz 2020, hat<strong> Fran\u00e7ois Bausch<\/strong>, Vizepremierminister, Minister f\u00fcr Mobilit\u00e4t und \u00f6ffentliche Arbeiten, <strong>den Nationalen Mobilit\u00e4tsplan 2035<\/strong> in einer internationalen Pressekonferenz am 22. April 2022<strong> vorgestellt.<\/strong><\/p>\n<p style=\"font-weight: 400;\">Der innovative <strong>PNM 2035 - Nationale Mobilit\u00e4tsplan<\/strong> bietet ein globales Konzept, mit dem 40 % mehr Fahrten im Vergleich zu 2017 bew\u00e4ltigt werden k\u00f6nnen. Er setzt die Ans\u00e4tze um, die in der Modu 2.0-Strategie f\u00fcr eine nachhaltige Mobilit\u00e4t empfohlen wurden, n\u00e4mlich:<\/p>\n<ul>\n<li>\u00dcbergang von einer Nachhollogik zu einer Antizipationslogik der zuk\u00fcnftigen Nachfrage;<\/li>\n<li>erst die Anzahl der Personen bestimmen, die zu einem bestimmten Ort fahren m\u00fcssen, dann die f\u00fcr den Kontext am besten geeigneten Verkehrsmittel f\u00f6rdern<\/li>\n<li>und schlie\u00dflich die vier Mobilit\u00e4tsakteure, d. h. den Staat, die Gemeinden, die Arbeitgeber und die B\u00fcrger, mobilisieren.<\/li>\n<\/ul>\n<p style=\"font-weight: 400;\">Fran\u00e7ois Bausch, Vizepremierminister und Minister f\u00fcr Mobilit\u00e4t und \u00f6ffentliche Arbeiten, stellte den PNM 2035 au\u00dferdem im Rahmen von 10 \u00f6ffentlichen Pr\u00e4sentationen der \u00d6ffentlichkeit vor.<\/p>\n<p><span style=\"font-weight: 400;\">Der Nationale Mobilit\u00e4tsplan 2035 ist in Deutsch, Franz\u00f6sisch und Englisch erh\u00e4ltlich und kann heruntergeladen oder bestellt werden. Weitere Informationen finden Sie unter: <\/span><span style=\"font-weight: 400;\"><a href=\"http:\/\/www.pnm2035.lu\/\">www.pnm2035.lu<\/a><\/span><\/p>\n\n\n\t\t<\/div>\n\t<\/div>\n\t\n\t\n<div class=\"is-divider divider clearfix\" style=\"max-width:100%;\"><\/div>\n\n\n\t\t<div class=\"icon-box featured-box icon-box-left text-left\"  >\n\t\t\t\t\t<div class=\"icon-box-img\" style=\"width: 200px\">\n\t\t\t\t<div class=\"icon\">\n\t\t\t\t\t<div class=\"icon-inner\" >\n\t\t\t\t\t\t<img loading=\"lazy\" decoding=\"async\" width=\"300\" height=\"150\" src=\"https:\/\/mobil-lux.test2u.lu\/wp-content\/uploads\/2022\/11\/organisateurs03-300x150.png\" class=\"attachment-medium size-medium\" alt=\"\" srcset=\"https:\/\/mobil-lux.test2u.lu\/wp-content\/uploads\/2022\/11\/organisateurs03-300x150.png 300w, https:\/\/mobil-lux.test2u.lu\/wp-content\/uploads\/2022\/11\/organisateurs03.png 400w\" sizes=\"auto, (max-width: 300px) 100vw, 300px\" \/>\t\t\t\t\t<\/div>\n\t\t\t\t<\/div>\n\t\t\t<\/div>\n\t\t\t\t<div class=\"icon-box-text last-reset\">\n\t\t\t\t\t\t\t\t\t\n\n<h2 class=\"h3\">Die Stadt Luxemburg<\/h2>\n<p><a href=\"https:\/\/www.vdl.lu\/de\" target=\"_blank\" rel=\"noopener\">Luxemburg<\/a> ist eine Metropole \u00fcberschaubarer Gr\u00f6\u00dfe, eine kosmopolitische und multikulturelle Stadt im Herzen Europas. Als Gr\u00fcndungsmitglied und heutiger Sitz zahlreicher Institutionen der Europ\u00e4ischen Union zeichnet sich die luxemburgische Hauptstadt nicht nur durch eine beispielhafte Lebensqualit\u00e4t, sondern auch durch den Reichtum und die Vielfalt ihrer Bev\u00f6lkerung aus. Unter den mehr als 128.000 Einwohner\/innen leben insgesamt 167 Nationalit\u00e4ten zusammen; hinzu kommen t\u00e4glich mehr als 200.000 Pendler\/innen sowie zahlreiche touristische Besucher\/innen.<\/p>\n<p>Die Stadt Luxemburg hat in den letzten 10 Jahren ein Bev\u00f6lkerungswachstum von \u00fcber 36 % verzeichnet und gilt als Anziehungspunkt f\u00fcr Unternehmen und Institutionen. Damit steht sie vor gro\u00dfen Herausforderungen im Bereich der Mobilit\u00e4t, einem vorrangigen und entscheidenden Aspekt ihrer Entwicklungsstrategie. So umfasst das Busnetz der Stadt dank der j\u00fcngsten Erweiterungen und Verbesserungen heute 39 Linien, die alle 24 Stadtviertel der Hauptstadt bedienen. Die Busflotte bef\u00f6rdert pro Jahr \u00fcber 29.800.000 Fahrg\u00e4ste auf einer Gesamtstrecke von 13.190.000 km. Zus\u00e4tzlich wird das \u00f6ffentliche Nahverkehrsangebot durch die Einf\u00fchrung der Tram und die Erweiterung ihres Netzes erg\u00e4nzt. Ziel ist es, eine nachhaltige und effiziente Mobilit\u00e4t der Zukunft zu schaffen; daher strebt die Stadt bis 2030 die vollst\u00e4ndige Elektrifizierung ihrer Flotte an.<\/p>\n<p>Neben dem motorisierten \u00f6ffentlichen Verkehr umfasst das Angebot der Hauptstadt auch ein Carsharing-System (carl'OH) sowie ein Fahrradverleihsystem (vel'OH!), das von einem kontinuierlich erweiterten Radwegenetz von derzeit rund 170 km L\u00e4nge begleitet wird.<\/p>\n<p>Auf dem Kongress wird B\u00fcrgermeisterin Lydie Polfer einen \u00dcberblick \u00fcber die Mobilit\u00e4tsstrategie der Hauptstadt und ihren Mobilit\u00e4tsplan geben.<\/p>\n<p>Weitere Informationen: <a href=\"https:\/\/www.vdl.lu\/de\/unterwegs\/unser-mobilitaetsplan-fuer-morgen\" target=\"_blank\" rel=\"noopener\">Unser Mobilit\u00e4tsplan f\u00fcr morgen | Stadt Luxemburg (vdl.lu) .<\/a><\/p>\n\n\n\t\t<\/div>\n\t<\/div>\n\t\n\t\n<div class=\"is-divider divider clearfix\" style=\"max-width:100%;\"><\/div>\n\n\n\t\t<div class=\"icon-box featured-box icon-box-left text-left\"  >\n\t\t\t\t\t<div class=\"icon-box-img\" style=\"width: 200px\">\n\t\t\t\t<div class=\"icon\">\n\t\t\t\t\t<div class=\"icon-inner\" >\n\t\t\t\t\t\t<img loading=\"lazy\" decoding=\"async\" width=\"300\" height=\"150\" src=\"https:\/\/mobil-lux.test2u.lu\/wp-content\/uploads\/2022\/11\/organisateurs02-300x150.png\" class=\"attachment-medium size-medium\" alt=\"\" srcset=\"https:\/\/mobil-lux.test2u.lu\/wp-content\/uploads\/2022\/11\/organisateurs02-300x150.png 300w, https:\/\/mobil-lux.test2u.lu\/wp-content\/uploads\/2022\/11\/organisateurs02.png 400w\" sizes=\"auto, (max-width: 300px) 100vw, 300px\" \/>\t\t\t\t\t<\/div>\n\t\t\t\t<\/div>\n\t\t\t<\/div>\n\t\t\t\t<div class=\"icon-box-text last-reset\">\n\t\t\t\t\t\t\t\t\t\n\n<h2 class=\"h3\">Luxtram<\/h2>\n<p><a href=\"https:\/\/www.luxtram.lu\/de\/\" target=\"_blank\" rel=\"noopener\">LUXTRAM<\/a>, eine im \u00f6ffentlichen Eigentum stehende Aktiengesellschaft, ist mit der Planung, Entwicklung und Umsetzung sowie dem Betrieb von Tramlinien auf dem Gebiet der Stadt Luxemburg und ihrer Nachbargemeinden betraut. Zudem ist sie f\u00fcr die Verwaltung und Instandhaltung der Infrastruktur und der Tramw\u00e4gen zust\u00e4ndig. Sie f\u00fchrt alle Studien, Auftragsvergaben und Bauarbeiten sowie die Beschaffung des rollenden Materials durch.<\/p>\n<p>LUXTRAM plant die Fertigstellung der Linie 1 von Findel Flughafen bis Cloche d'Or bis Ende 2024. Vor zwei Jahren wurde LUXTRAM mit den zuk\u00fcnftigen Erweiterungen des Tramnetzes der Stadt Luxemburg und dem Bau der Schnelltram in die Stadt Esch an der Alzette beauftragt.<\/p>\n<p>Es steht au\u00dfer Zweifel, dass LUXTRAM zur Diversifizierung des \u00f6ffentlichen Verkehrs und zur Entwicklung einer nachhaltigen Mobilit\u00e4t (MoDu) in Luxemburg beitr\u00e4gt. Als Mitveranstalter des Kongresses Mobil-Lux m\u00f6chte LUXTRAM sein Fachwissen und seine Erfahrungen vor Ort mit einem sachkundigen Publikum teilen.<\/p>\n\n\n\t\t<\/div>\n\t<\/div>\n\t\n\t\n\n\t\t<\/div>\n\t\t\t\t\t<\/div>\n\n\t\n\n<\/div>\n\n\t\t<\/div>\n\n\t\t\n<style>\n#section_1996239304 {\n  padding-top: 30px;\n  padding-bottom: 30px;\n}\n<\/style>\n\t<\/section>\n\t\n\t<section class=\"section\" id=\"section_442000362\">\n\t\t<div class=\"bg section-bg fill bg-fill  bg-loaded\" >\n\n\t\t\t\n\t\t\t<div class=\"section-bg-overlay absolute fill\"><\/div>\n\t\t\t\n\n\t\t<\/div>\n\n\t\t\n\n\t\t<div class=\"section-content relative\">\n\t\t\t\n\n<div class=\"row align-bottom\"  id=\"row-569059940\">\n\n\n\t<div id=\"col-879687315\" class=\"col small-12 large-12\"  >\n\t\t\t\t<div class=\"col-inner\"  >\n\t\t\t\n\t\t\t\n\n<h3>Das Organisationskomitee von Mobil-Lux<\/h3>\n<p>Das Organisationskomitee setzt sich aus Vertretern der drei oben genannten Institutionen zusammen, die bei ihrer Arbeit von zwei wissenschaftlichen Expert\/innen unterst\u00fctzt werden \u2013 einer deutschsprachigen und einer franz\u00f6sischsprachigen Fachkraft.<\/p>\n\n\t\t<\/div>\n\t\t\t\t\t<\/div>\n\n\t\n\n<\/div>\n\n\t\t<\/div>\n\n\t\t\n<style>\n#section_442000362 {\n  padding-top: 30px;\n  padding-bottom: 30px;\n  background-color: rgb(253, 185, 19);\n}\n#section_442000362 .section-bg-overlay {\n  background-color: rgba(255, 255, 255, 0.6);\n}\n<\/style>\n\t<\/section>\n\t\n","protected":false},"excerpt":{"rendered":"","protected":false},"author":1,"featured_media":0,"parent":0,"menu_order":0,"comment_status":"closed","ping_status":"closed","template":"page-blank.php","meta":{"_acf_changed":false,"inline_featured_image":false,"footnotes":""},"class_list":["post-964","page","type-page","status-publish","hentry"],"acf":[],"yoast_head":"<!-- This site is optimized with the Yoast SEO plugin v27.3 - https:\/\/yoast.com\/product\/yoast-seo-wordpress\/ -->\n<title>Veranstalter - Mobil-Lux 2023 - Europ\u00e4ischer Mobilit\u00e4tskongress<\/title>\n<meta name=\"description\" content=\"Das Organisationskomitee setzt sich aus Vertretern der drei oben genannten Institutionen zusammen, die bei ihrer Arbeit von zwei wissenschaftlichen Expert\/innen unterst\u00fctzt werden \u2013 einer deutschsprachigen und einer franz\u00f6sischsprachigen Fachkraft.\" \/>\n<meta name=\"robots\" content=\"noindex, follow, max-snippet:-1, max-image-preview:large, max-video-preview:-1\" \/>\n<meta property=\"og:locale\" content=\"de_DE\" \/>\n<meta property=\"og:type\" content=\"article\" \/>\n<meta property=\"og:title\" content=\"Veranstalter - Mobil-Lux 2023 - Europ\u00e4ischer Mobilit\u00e4tskongress\" \/>\n<meta property=\"og:description\" content=\"Das Organisationskomitee setzt sich aus Vertretern der drei oben genannten Institutionen zusammen, die bei ihrer Arbeit von zwei wissenschaftlichen Expert\/innen unterst\u00fctzt werden \u2013 einer deutschsprachigen und einer franz\u00f6sischsprachigen Fachkraft.\" \/>\n<meta property=\"og:url\" content=\"https:\/\/mobil-lux.test2u.lu\/de\/veranstalter\/\" \/>\n<meta property=\"og:site_name\" content=\"Mobil-Lux\" \/>\n<meta property=\"article:modified_time\" content=\"2023-01-12T10:43:09+00:00\" \/>\n<meta name=\"twitter:card\" content=\"summary_large_image\" \/>\n<meta name=\"twitter:label1\" content=\"Gesch\u00e4tzte Lesezeit\" \/>\n\t<meta name=\"twitter:data1\" content=\"1\u00a0Minute\" \/>\n<script type=\"application\/ld+json\" class=\"yoast-schema-graph\">{\"@context\":\"https:\\\/\\\/schema.org\",\"@graph\":[{\"@type\":\"WebPage\",\"@id\":\"https:\\\/\\\/mobil-lux.test2u.lu\\\/de\\\/veranstalter\\\/\",\"url\":\"https:\\\/\\\/mobil-lux.test2u.lu\\\/de\\\/veranstalter\\\/\",\"name\":\"Veranstalter - Mobil-Lux 2023 - Europ\u00e4ischer Mobilit\u00e4tskongress\",\"isPartOf\":{\"@id\":\"https:\\\/\\\/mobil-lux.test2u.lu\\\/#website\"},\"datePublished\":\"2022-11-24T14:29:51+00:00\",\"dateModified\":\"2023-01-12T10:43:09+00:00\",\"description\":\"Das Organisationskomitee setzt sich aus Vertretern der drei oben genannten Institutionen zusammen, die bei ihrer Arbeit von zwei wissenschaftlichen Expert\\\/innen unterst\u00fctzt werden \u2013 einer deutschsprachigen und einer franz\u00f6sischsprachigen Fachkraft.\",\"breadcrumb\":{\"@id\":\"https:\\\/\\\/mobil-lux.test2u.lu\\\/de\\\/veranstalter\\\/#breadcrumb\"},\"inLanguage\":\"de\",\"potentialAction\":[{\"@type\":\"ReadAction\",\"target\":[\"https:\\\/\\\/mobil-lux.test2u.lu\\\/de\\\/veranstalter\\\/\"]}]},{\"@type\":\"BreadcrumbList\",\"@id\":\"https:\\\/\\\/mobil-lux.test2u.lu\\\/de\\\/veranstalter\\\/#breadcrumb\",\"itemListElement\":[{\"@type\":\"ListItem\",\"position\":1,\"name\":\"Home\",\"item\":\"https:\\\/\\\/mobil-lux.test2u.lu\\\/de\\\/\"},{\"@type\":\"ListItem\",\"position\":2,\"name\":\"Veranstalter\"}]},{\"@type\":\"WebSite\",\"@id\":\"https:\\\/\\\/mobil-lux.test2u.lu\\\/#website\",\"url\":\"https:\\\/\\\/mobil-lux.test2u.lu\\\/\",\"name\":\"Mobil-Lux 2023 - Conf\u00e9rence Europ\u00e9enne de la Mobilit\u00e9\",\"description\":\"Europ\u00e4ischer Mobilit\u00e4tskongress\",\"publisher\":{\"@id\":\"https:\\\/\\\/mobil-lux.test2u.lu\\\/#organization\"},\"potentialAction\":[{\"@type\":\"SearchAction\",\"target\":{\"@type\":\"EntryPoint\",\"urlTemplate\":\"https:\\\/\\\/mobil-lux.test2u.lu\\\/?s={search_term_string}\"},\"query-input\":{\"@type\":\"PropertyValueSpecification\",\"valueRequired\":true,\"valueName\":\"search_term_string\"}}],\"inLanguage\":\"de\"},{\"@type\":\"Organization\",\"@id\":\"https:\\\/\\\/mobil-lux.test2u.lu\\\/#organization\",\"name\":\"Mobil-Lux - Conf\u00e9rence Europ\u00e9enne de la Mobilit\u00e9\",\"url\":\"https:\\\/\\\/mobil-lux.test2u.lu\\\/\",\"logo\":{\"@type\":\"ImageObject\",\"inLanguage\":\"de\",\"@id\":\"https:\\\/\\\/mobil-lux.test2u.lu\\\/#\\\/schema\\\/logo\\\/image\\\/\",\"url\":\"https:\\\/\\\/mobil-lux.test2u.lu\\\/wp-content\\\/uploads\\\/2022\\\/11\\\/cropped-favicon.png\",\"contentUrl\":\"https:\\\/\\\/mobil-lux.test2u.lu\\\/wp-content\\\/uploads\\\/2022\\\/11\\\/cropped-favicon.png\",\"width\":512,\"height\":512,\"caption\":\"Mobil-Lux - Conf\u00e9rence Europ\u00e9enne de la Mobilit\u00e9\"},\"image\":{\"@id\":\"https:\\\/\\\/mobil-lux.test2u.lu\\\/#\\\/schema\\\/logo\\\/image\\\/\"},\"sameAs\":[\"https:\\\/\\\/www.linkedin.com\\\/company\\\/mobil-luxembourg\\\/\"]}]}<\/script>\n<!-- \/ Yoast SEO plugin. -->","yoast_head_json":{"title":"Veranstalter - Mobil-Lux 2023 - Europ\u00e4ischer Mobilit\u00e4tskongress","description":"Das Organisationskomitee setzt sich aus Vertretern der drei oben genannten Institutionen zusammen, die bei ihrer Arbeit von zwei wissenschaftlichen Expert\/innen unterst\u00fctzt werden \u2013 einer deutschsprachigen und einer franz\u00f6sischsprachigen Fachkraft.","robots":{"index":"noindex","follow":"follow","max-snippet":"max-snippet:-1","max-image-preview":"max-image-preview:large","max-video-preview":"max-video-preview:-1"},"og_locale":"de_DE","og_type":"article","og_title":"Veranstalter - Mobil-Lux 2023 - Europ\u00e4ischer Mobilit\u00e4tskongress","og_description":"Das Organisationskomitee setzt sich aus Vertretern der drei oben genannten Institutionen zusammen, die bei ihrer Arbeit von zwei wissenschaftlichen Expert\/innen unterst\u00fctzt werden \u2013 einer deutschsprachigen und einer franz\u00f6sischsprachigen Fachkraft.","og_url":"https:\/\/mobil-lux.test2u.lu\/de\/veranstalter\/","og_site_name":"Mobil-Lux","article_modified_time":"2023-01-12T10:43:09+00:00","twitter_card":"summary_large_image","twitter_misc":{"Gesch\u00e4tzte Lesezeit":"1\u00a0Minute"},"schema":{"@context":"https:\/\/schema.org","@graph":[{"@type":"WebPage","@id":"https:\/\/mobil-lux.test2u.lu\/de\/veranstalter\/","url":"https:\/\/mobil-lux.test2u.lu\/de\/veranstalter\/","name":"Veranstalter - Mobil-Lux 2023 - Europ\u00e4ischer Mobilit\u00e4tskongress","isPartOf":{"@id":"https:\/\/mobil-lux.test2u.lu\/#website"},"datePublished":"2022-11-24T14:29:51+00:00","dateModified":"2023-01-12T10:43:09+00:00","description":"Das Organisationskomitee setzt sich aus Vertretern der drei oben genannten Institutionen zusammen, die bei ihrer Arbeit von zwei wissenschaftlichen Expert\/innen unterst\u00fctzt werden \u2013 einer deutschsprachigen und einer franz\u00f6sischsprachigen Fachkraft.","breadcrumb":{"@id":"https:\/\/mobil-lux.test2u.lu\/de\/veranstalter\/#breadcrumb"},"inLanguage":"de","potentialAction":[{"@type":"ReadAction","target":["https:\/\/mobil-lux.test2u.lu\/de\/veranstalter\/"]}]},{"@type":"BreadcrumbList","@id":"https:\/\/mobil-lux.test2u.lu\/de\/veranstalter\/#breadcrumb","itemListElement":[{"@type":"ListItem","position":1,"name":"Home","item":"https:\/\/mobil-lux.test2u.lu\/de\/"},{"@type":"ListItem","position":2,"name":"Veranstalter"}]},{"@type":"WebSite","@id":"https:\/\/mobil-lux.test2u.lu\/#website","url":"https:\/\/mobil-lux.test2u.lu\/","name":"Mobil-Lux 2023 - Conf\u00e9rence Europ\u00e9enne de la Mobilit\u00e9","description":"Europ\u00e4ischer Mobilit\u00e4tskongress","publisher":{"@id":"https:\/\/mobil-lux.test2u.lu\/#organization"},"potentialAction":[{"@type":"SearchAction","target":{"@type":"EntryPoint","urlTemplate":"https:\/\/mobil-lux.test2u.lu\/?s={search_term_string}"},"query-input":{"@type":"PropertyValueSpecification","valueRequired":true,"valueName":"search_term_string"}}],"inLanguage":"de"},{"@type":"Organization","@id":"https:\/\/mobil-lux.test2u.lu\/#organization","name":"Mobil-Lux - Conf\u00e9rence Europ\u00e9enne de la Mobilit\u00e9","url":"https:\/\/mobil-lux.test2u.lu\/","logo":{"@type":"ImageObject","inLanguage":"de","@id":"https:\/\/mobil-lux.test2u.lu\/#\/schema\/logo\/image\/","url":"https:\/\/mobil-lux.test2u.lu\/wp-content\/uploads\/2022\/11\/cropped-favicon.png","contentUrl":"https:\/\/mobil-lux.test2u.lu\/wp-content\/uploads\/2022\/11\/cropped-favicon.png","width":512,"height":512,"caption":"Mobil-Lux - Conf\u00e9rence Europ\u00e9enne de la Mobilit\u00e9"},"image":{"@id":"https:\/\/mobil-lux.test2u.lu\/#\/schema\/logo\/image\/"},"sameAs":["https:\/\/www.linkedin.com\/company\/mobil-luxembourg\/"]}]}},"_links":{"self":[{"href":"https:\/\/mobil-lux.test2u.lu\/de\/wp-json\/wp\/v2\/pages\/964","targetHints":{"allow":["GET"]}}],"collection":[{"href":"https:\/\/mobil-lux.test2u.lu\/de\/wp-json\/wp\/v2\/pages"}],"about":[{"href":"https:\/\/mobil-lux.test2u.lu\/de\/wp-json\/wp\/v2\/types\/page"}],"author":[{"embeddable":true,"href":"https:\/\/mobil-lux.test2u.lu\/de\/wp-json\/wp\/v2\/users\/1"}],"replies":[{"embeddable":true,"href":"https:\/\/mobil-lux.test2u.lu\/de\/wp-json\/wp\/v2\/comments?post=964"}],"version-history":[{"count":0,"href":"https:\/\/mobil-lux.test2u.lu\/de\/wp-json\/wp\/v2\/pages\/964\/revisions"}],"wp:attachment":[{"href":"https:\/\/mobil-lux.test2u.lu\/de\/wp-json\/wp\/v2\/media?parent=964"}],"curies":[{"name":"wp","href":"https:\/\/api.w.org\/{rel}","templated":true}]}}