{"id":7172,"date":"2023-05-22T12:58:29","date_gmt":"2023-05-22T11:58:29","guid":{"rendered":"https:\/\/mobil-lux-congress.lu\/kongress\/"},"modified":"2023-06-13T20:03:12","modified_gmt":"2023-06-13T19:03:12","slug":"kongress","status":"publish","type":"page","link":"https:\/\/mobil-lux.test2u.lu\/de\/kongress\/","title":{"rendered":"Kongress"},"content":{"rendered":"\n\t<div id=\"text-3560212161\" class=\"text\">\n\t\t\n\n<h1>Internationaler Kongress, der der Mobilit\u00e4t gewidmet ist<\/h1>\n\t\t\n<style>\n#text-3560212161 {\n  font-size: 0.85rem;\n  color: rgb(253, 185, 19);\n}\n#text-3560212161 > * {\n  color: rgb(253, 185, 19);\n}\n<\/style>\n\t<\/div>\n\t\n<div class=\"row\"  id=\"row-884548413\">\n\n\n\t<div id=\"col-939077049\" class=\"col small-12 large-12\"  >\n\t\t\t\t<div class=\"col-inner\"  >\n\t\t\t\n\t\t\t\n\n\t<div class=\"img has-hover x md-x lg-x y md-y lg-y\" id=\"image_2034806295\">\n\t\t\t\t\t\t\t\t<div class=\"img-inner dark\" >\n\t\t\t<img loading=\"lazy\" decoding=\"async\" width=\"1020\" height=\"733\" src=\"https:\/\/mobil-lux.test2u.lu\/wp-content\/uploads\/2023\/05\/congres-moments-de-1024x736.png\" class=\"attachment-large size-large\" alt=\"\" srcset=\"https:\/\/mobil-lux.test2u.lu\/wp-content\/uploads\/2023\/05\/congres-moments-de-1024x736.png 1024w, https:\/\/mobil-lux.test2u.lu\/wp-content\/uploads\/2023\/05\/congres-moments-de-300x216.png 300w, https:\/\/mobil-lux.test2u.lu\/wp-content\/uploads\/2023\/05\/congres-moments-de-768x552.png 768w, https:\/\/mobil-lux.test2u.lu\/wp-content\/uploads\/2023\/05\/congres-moments-de-510x367.png 510w, https:\/\/mobil-lux.test2u.lu\/wp-content\/uploads\/2023\/05\/congres-moments-de.png 1198w\" sizes=\"auto, (max-width: 1020px) 100vw, 1020px\" \/>\t\t\t\t\t\t\n\t\t\t\t\t<\/div>\n\t\t\t\t\t\t\t\t\n<style>\n#image_2034806295 {\n  width: 100%;\n}\n<\/style>\n\t<\/div>\n\t\n\n\n\t\t<\/div>\n\t\t\t\t\t<\/div>\n\n\t\n\n<\/div>\n<div class=\"row\"  id=\"row-1192619355\">\n\n\n\t<div id=\"col-751944650\" class=\"col small-12 large-12\"  >\n\t\t\t\t<div class=\"col-inner\"  >\n\t\t\t\n\t\t\t\n\n\t<div class=\"img has-hover x md-x lg-x y md-y lg-y\" id=\"image_806938406\">\n\t\t\t\t\t\t\t\t<div class=\"img-inner dark\" >\n\t\t\t<img loading=\"lazy\" decoding=\"async\" width=\"1020\" height=\"739\" src=\"https:\/\/mobil-lux.test2u.lu\/wp-content\/uploads\/2023\/05\/congres-obectifs-de-1024x742.png\" class=\"attachment-large size-large\" alt=\"\" srcset=\"https:\/\/mobil-lux.test2u.lu\/wp-content\/uploads\/2023\/05\/congres-obectifs-de-1024x742.png 1024w, https:\/\/mobil-lux.test2u.lu\/wp-content\/uploads\/2023\/05\/congres-obectifs-de-300x217.png 300w, https:\/\/mobil-lux.test2u.lu\/wp-content\/uploads\/2023\/05\/congres-obectifs-de-768x556.png 768w, https:\/\/mobil-lux.test2u.lu\/wp-content\/uploads\/2023\/05\/congres-obectifs-de-510x369.png 510w, https:\/\/mobil-lux.test2u.lu\/wp-content\/uploads\/2023\/05\/congres-obectifs-de.png 1070w\" sizes=\"auto, (max-width: 1020px) 100vw, 1020px\" \/>\t\t\t\t\t\t\n\t\t\t\t\t<\/div>\n\t\t\t\t\t\t\t\t\n<style>\n#image_806938406 {\n  width: 100%;\n}\n<\/style>\n\t<\/div>\n\t\n\n\n\t\t<\/div>\n\t\t\t\t\t<\/div>\n\n\t\n\n<\/div>\n\n","protected":false},"excerpt":{"rendered":"","protected":false},"author":4,"featured_media":0,"parent":0,"menu_order":0,"comment_status":"closed","ping_status":"closed","template":"","meta":{"_acf_changed":false,"inline_featured_image":false,"footnotes":""},"class_list":["post-7172","page","type-page","status-publish","hentry"],"acf":[],"yoast_head":"<!-- This site is optimized with the Yoast SEO plugin v27.3 - https:\/\/yoast.com\/product\/yoast-seo-wordpress\/ -->\n<title>Kongress - Mobil-Lux 2023 - Europ\u00e4ischer Mobilit\u00e4tskongress<\/title>\n<meta name=\"robots\" content=\"noindex, follow, max-snippet:-1, max-image-preview:large, max-video-preview:-1\" \/>\n<meta property=\"og:locale\" content=\"de_DE\" \/>\n<meta property=\"og:type\" content=\"article\" \/>\n<meta property=\"og:title\" content=\"Kongress - Mobil-Lux 2023 - Europ\u00e4ischer Mobilit\u00e4tskongress\" \/>\n<meta property=\"og:url\" content=\"https:\/\/mobil-lux.test2u.lu\/de\/kongress\/\" \/>\n<meta property=\"og:site_name\" content=\"Mobil-Lux\" \/>\n<meta property=\"article:modified_time\" content=\"2023-06-13T19:03:12+00:00\" \/>\n<meta name=\"twitter:card\" content=\"summary_large_image\" \/>\n<script type=\"application\/ld+json\" class=\"yoast-schema-graph\">{\"@context\":\"https:\\\/\\\/schema.org\",\"@graph\":[{\"@type\":\"WebPage\",\"@id\":\"https:\\\/\\\/mobil-lux.test2u.lu\\\/de\\\/kongress\\\/\",\"url\":\"https:\\\/\\\/mobil-lux.test2u.lu\\\/de\\\/kongress\\\/\",\"name\":\"Kongress - Mobil-Lux 2023 - Europ\u00e4ischer Mobilit\u00e4tskongress\",\"isPartOf\":{\"@id\":\"https:\\\/\\\/mobil-lux.test2u.lu\\\/#website\"},\"datePublished\":\"2023-05-22T11:58:29+00:00\",\"dateModified\":\"2023-06-13T19:03:12+00:00\",\"breadcrumb\":{\"@id\":\"https:\\\/\\\/mobil-lux.test2u.lu\\\/de\\\/kongress\\\/#breadcrumb\"},\"inLanguage\":\"de\",\"potentialAction\":[{\"@type\":\"ReadAction\",\"target\":[\"https:\\\/\\\/mobil-lux.test2u.lu\\\/de\\\/kongress\\\/\"]}]},{\"@type\":\"BreadcrumbList\",\"@id\":\"https:\\\/\\\/mobil-lux.test2u.lu\\\/de\\\/kongress\\\/#breadcrumb\",\"itemListElement\":[{\"@type\":\"ListItem\",\"position\":1,\"name\":\"Home\",\"item\":\"https:\\\/\\\/mobil-lux.test2u.lu\\\/de\\\/\"},{\"@type\":\"ListItem\",\"position\":2,\"name\":\"Kongress\"}]},{\"@type\":\"WebSite\",\"@id\":\"https:\\\/\\\/mobil-lux.test2u.lu\\\/#website\",\"url\":\"https:\\\/\\\/mobil-lux.test2u.lu\\\/\",\"name\":\"Mobil-Lux 2023 - Conf\u00e9rence Europ\u00e9enne de la Mobilit\u00e9\",\"description\":\"Europ\u00e4ischer Mobilit\u00e4tskongress\",\"publisher\":{\"@id\":\"https:\\\/\\\/mobil-lux.test2u.lu\\\/#organization\"},\"potentialAction\":[{\"@type\":\"SearchAction\",\"target\":{\"@type\":\"EntryPoint\",\"urlTemplate\":\"https:\\\/\\\/mobil-lux.test2u.lu\\\/?s={search_term_string}\"},\"query-input\":{\"@type\":\"PropertyValueSpecification\",\"valueRequired\":true,\"valueName\":\"search_term_string\"}}],\"inLanguage\":\"de\"},{\"@type\":\"Organization\",\"@id\":\"https:\\\/\\\/mobil-lux.test2u.lu\\\/#organization\",\"name\":\"Mobil-Lux - Conf\u00e9rence Europ\u00e9enne de la Mobilit\u00e9\",\"url\":\"https:\\\/\\\/mobil-lux.test2u.lu\\\/\",\"logo\":{\"@type\":\"ImageObject\",\"inLanguage\":\"de\",\"@id\":\"https:\\\/\\\/mobil-lux.test2u.lu\\\/#\\\/schema\\\/logo\\\/image\\\/\",\"url\":\"https:\\\/\\\/mobil-lux.test2u.lu\\\/wp-content\\\/uploads\\\/2022\\\/11\\\/cropped-favicon.png\",\"contentUrl\":\"https:\\\/\\\/mobil-lux.test2u.lu\\\/wp-content\\\/uploads\\\/2022\\\/11\\\/cropped-favicon.png\",\"width\":512,\"height\":512,\"caption\":\"Mobil-Lux - Conf\u00e9rence Europ\u00e9enne de la Mobilit\u00e9\"},\"image\":{\"@id\":\"https:\\\/\\\/mobil-lux.test2u.lu\\\/#\\\/schema\\\/logo\\\/image\\\/\"},\"sameAs\":[\"https:\\\/\\\/www.linkedin.com\\\/company\\\/mobil-luxembourg\\\/\"]}]}<\/script>\n<!-- \/ Yoast SEO plugin. -->","yoast_head_json":{"title":"Kongress - Mobil-Lux 2023 - Europ\u00e4ischer Mobilit\u00e4tskongress","robots":{"index":"noindex","follow":"follow","max-snippet":"max-snippet:-1","max-image-preview":"max-image-preview:large","max-video-preview":"max-video-preview:-1"},"og_locale":"de_DE","og_type":"article","og_title":"Kongress - Mobil-Lux 2023 - Europ\u00e4ischer Mobilit\u00e4tskongress","og_url":"https:\/\/mobil-lux.test2u.lu\/de\/kongress\/","og_site_name":"Mobil-Lux","article_modified_time":"2023-06-13T19:03:12+00:00","twitter_card":"summary_large_image","schema":{"@context":"https:\/\/schema.org","@graph":[{"@type":"WebPage","@id":"https:\/\/mobil-lux.test2u.lu\/de\/kongress\/","url":"https:\/\/mobil-lux.test2u.lu\/de\/kongress\/","name":"Kongress - Mobil-Lux 2023 - Europ\u00e4ischer Mobilit\u00e4tskongress","isPartOf":{"@id":"https:\/\/mobil-lux.test2u.lu\/#website"},"datePublished":"2023-05-22T11:58:29+00:00","dateModified":"2023-06-13T19:03:12+00:00","breadcrumb":{"@id":"https:\/\/mobil-lux.test2u.lu\/de\/kongress\/#breadcrumb"},"inLanguage":"de","potentialAction":[{"@type":"ReadAction","target":["https:\/\/mobil-lux.test2u.lu\/de\/kongress\/"]}]},{"@type":"BreadcrumbList","@id":"https:\/\/mobil-lux.test2u.lu\/de\/kongress\/#breadcrumb","itemListElement":[{"@type":"ListItem","position":1,"name":"Home","item":"https:\/\/mobil-lux.test2u.lu\/de\/"},{"@type":"ListItem","position":2,"name":"Kongress"}]},{"@type":"WebSite","@id":"https:\/\/mobil-lux.test2u.lu\/#website","url":"https:\/\/mobil-lux.test2u.lu\/","name":"Mobil-Lux 2023 - Conf\u00e9rence Europ\u00e9enne de la Mobilit\u00e9","description":"Europ\u00e4ischer Mobilit\u00e4tskongress","publisher":{"@id":"https:\/\/mobil-lux.test2u.lu\/#organization"},"potentialAction":[{"@type":"SearchAction","target":{"@type":"EntryPoint","urlTemplate":"https:\/\/mobil-lux.test2u.lu\/?s={search_term_string}"},"query-input":{"@type":"PropertyValueSpecification","valueRequired":true,"valueName":"search_term_string"}}],"inLanguage":"de"},{"@type":"Organization","@id":"https:\/\/mobil-lux.test2u.lu\/#organization","name":"Mobil-Lux - Conf\u00e9rence Europ\u00e9enne de la Mobilit\u00e9","url":"https:\/\/mobil-lux.test2u.lu\/","logo":{"@type":"ImageObject","inLanguage":"de","@id":"https:\/\/mobil-lux.test2u.lu\/#\/schema\/logo\/image\/","url":"https:\/\/mobil-lux.test2u.lu\/wp-content\/uploads\/2022\/11\/cropped-favicon.png","contentUrl":"https:\/\/mobil-lux.test2u.lu\/wp-content\/uploads\/2022\/11\/cropped-favicon.png","width":512,"height":512,"caption":"Mobil-Lux - Conf\u00e9rence Europ\u00e9enne de la Mobilit\u00e9"},"image":{"@id":"https:\/\/mobil-lux.test2u.lu\/#\/schema\/logo\/image\/"},"sameAs":["https:\/\/www.linkedin.com\/company\/mobil-luxembourg\/"]}]}},"_links":{"self":[{"href":"https:\/\/mobil-lux.test2u.lu\/de\/wp-json\/wp\/v2\/pages\/7172","targetHints":{"allow":["GET"]}}],"collection":[{"href":"https:\/\/mobil-lux.test2u.lu\/de\/wp-json\/wp\/v2\/pages"}],"about":[{"href":"https:\/\/mobil-lux.test2u.lu\/de\/wp-json\/wp\/v2\/types\/page"}],"author":[{"embeddable":true,"href":"https:\/\/mobil-lux.test2u.lu\/de\/wp-json\/wp\/v2\/users\/4"}],"replies":[{"embeddable":true,"href":"https:\/\/mobil-lux.test2u.lu\/de\/wp-json\/wp\/v2\/comments?post=7172"}],"version-history":[{"count":4,"href":"https:\/\/mobil-lux.test2u.lu\/de\/wp-json\/wp\/v2\/pages\/7172\/revisions"}],"predecessor-version":[{"id":7375,"href":"https:\/\/mobil-lux.test2u.lu\/de\/wp-json\/wp\/v2\/pages\/7172\/revisions\/7375"}],"wp:attachment":[{"href":"https:\/\/mobil-lux.test2u.lu\/de\/wp-json\/wp\/v2\/media?parent=7172"}],"curies":[{"name":"wp","href":"https:\/\/api.w.org\/{rel}","templated":true}]}}