{"id":4781,"date":"2023-01-06T11:09:54","date_gmt":"2023-01-06T10:09:54","guid":{"rendered":"https:\/\/mobil-lux-congress.lu\/redner\/"},"modified":"2023-03-01T14:40:59","modified_gmt":"2023-03-01T13:40:59","slug":"redner","status":"publish","type":"page","link":"https:\/\/mobil-lux.test2u.lu\/de\/redner\/","title":{"rendered":"Redner"},"content":{"rendered":"","protected":false},"excerpt":{"rendered":"","protected":false},"author":1,"featured_media":0,"parent":0,"menu_order":0,"comment_status":"closed","ping_status":"closed","template":"page-featured-items-3col.php","meta":{"_acf_changed":false,"inline_featured_image":false,"footnotes":""},"class_list":["post-4781","page","type-page","status-publish","hentry"],"acf":[],"yoast_head":"<!-- This site is optimized with the Yoast SEO plugin v27.3 - https:\/\/yoast.com\/product\/yoast-seo-wordpress\/ -->\n<title>Redner - Mobil-Lux 2023 - Europ\u00e4ischer Mobilit\u00e4tskongress<\/title>\n<meta name=\"robots\" content=\"noindex, nofollow\" \/>\n<meta property=\"og:locale\" content=\"de_DE\" \/>\n<meta property=\"og:type\" content=\"article\" \/>\n<meta property=\"og:title\" content=\"Redner - Mobil-Lux 2023 - Europ\u00e4ischer Mobilit\u00e4tskongress\" \/>\n<meta property=\"og:url\" content=\"https:\/\/mobil-lux.test2u.lu\/de\/redner\/\" \/>\n<meta property=\"og:site_name\" content=\"Mobil-Lux\" \/>\n<meta property=\"article:modified_time\" content=\"2023-03-01T13:40:59+00:00\" \/>\n<meta name=\"twitter:card\" content=\"summary_large_image\" \/>\n<script type=\"application\/ld+json\" class=\"yoast-schema-graph\">{\"@context\":\"https:\\\/\\\/schema.org\",\"@graph\":[{\"@type\":\"WebPage\",\"@id\":\"https:\\\/\\\/mobil-lux.test2u.lu\\\/de\\\/redner\\\/\",\"url\":\"https:\\\/\\\/mobil-lux.test2u.lu\\\/de\\\/redner\\\/\",\"name\":\"Redner - Mobil-Lux 2023 - Europ\u00e4ischer Mobilit\u00e4tskongress\",\"isPartOf\":{\"@id\":\"https:\\\/\\\/mobil-lux.test2u.lu\\\/#website\"},\"datePublished\":\"2023-01-06T10:09:54+00:00\",\"dateModified\":\"2023-03-01T13:40:59+00:00\",\"breadcrumb\":{\"@id\":\"https:\\\/\\\/mobil-lux.test2u.lu\\\/de\\\/redner\\\/#breadcrumb\"},\"inLanguage\":\"de\",\"potentialAction\":[{\"@type\":\"ReadAction\",\"target\":[\"https:\\\/\\\/mobil-lux.test2u.lu\\\/de\\\/redner\\\/\"]}]},{\"@type\":\"BreadcrumbList\",\"@id\":\"https:\\\/\\\/mobil-lux.test2u.lu\\\/de\\\/redner\\\/#breadcrumb\",\"itemListElement\":[{\"@type\":\"ListItem\",\"position\":1,\"name\":\"Home\",\"item\":\"https:\\\/\\\/mobil-lux.test2u.lu\\\/de\\\/\"},{\"@type\":\"ListItem\",\"position\":2,\"name\":\"Redner\"}]},{\"@type\":\"WebSite\",\"@id\":\"https:\\\/\\\/mobil-lux.test2u.lu\\\/#website\",\"url\":\"https:\\\/\\\/mobil-lux.test2u.lu\\\/\",\"name\":\"Mobil-Lux 2023 - Conf\u00e9rence Europ\u00e9enne de la Mobilit\u00e9\",\"description\":\"Europ\u00e4ischer Mobilit\u00e4tskongress\",\"publisher\":{\"@id\":\"https:\\\/\\\/mobil-lux.test2u.lu\\\/#organization\"},\"potentialAction\":[{\"@type\":\"SearchAction\",\"target\":{\"@type\":\"EntryPoint\",\"urlTemplate\":\"https:\\\/\\\/mobil-lux.test2u.lu\\\/?s={search_term_string}\"},\"query-input\":{\"@type\":\"PropertyValueSpecification\",\"valueRequired\":true,\"valueName\":\"search_term_string\"}}],\"inLanguage\":\"de\"},{\"@type\":\"Organization\",\"@id\":\"https:\\\/\\\/mobil-lux.test2u.lu\\\/#organization\",\"name\":\"Mobil-Lux - Conf\u00e9rence Europ\u00e9enne de la Mobilit\u00e9\",\"url\":\"https:\\\/\\\/mobil-lux.test2u.lu\\\/\",\"logo\":{\"@type\":\"ImageObject\",\"inLanguage\":\"de\",\"@id\":\"https:\\\/\\\/mobil-lux.test2u.lu\\\/#\\\/schema\\\/logo\\\/image\\\/\",\"url\":\"https:\\\/\\\/mobil-lux.test2u.lu\\\/wp-content\\\/uploads\\\/2022\\\/11\\\/cropped-favicon.png\",\"contentUrl\":\"https:\\\/\\\/mobil-lux.test2u.lu\\\/wp-content\\\/uploads\\\/2022\\\/11\\\/cropped-favicon.png\",\"width\":512,\"height\":512,\"caption\":\"Mobil-Lux - Conf\u00e9rence Europ\u00e9enne de la Mobilit\u00e9\"},\"image\":{\"@id\":\"https:\\\/\\\/mobil-lux.test2u.lu\\\/#\\\/schema\\\/logo\\\/image\\\/\"},\"sameAs\":[\"https:\\\/\\\/www.linkedin.com\\\/company\\\/mobil-luxembourg\\\/\"]}]}<\/script>\n<!-- \/ Yoast SEO plugin. -->","yoast_head_json":{"title":"Redner - Mobil-Lux 2023 - Europ\u00e4ischer Mobilit\u00e4tskongress","robots":{"index":"noindex","follow":"nofollow"},"og_locale":"de_DE","og_type":"article","og_title":"Redner - Mobil-Lux 2023 - Europ\u00e4ischer Mobilit\u00e4tskongress","og_url":"https:\/\/mobil-lux.test2u.lu\/de\/redner\/","og_site_name":"Mobil-Lux","article_modified_time":"2023-03-01T13:40:59+00:00","twitter_card":"summary_large_image","schema":{"@context":"https:\/\/schema.org","@graph":[{"@type":"WebPage","@id":"https:\/\/mobil-lux.test2u.lu\/de\/redner\/","url":"https:\/\/mobil-lux.test2u.lu\/de\/redner\/","name":"Redner - Mobil-Lux 2023 - Europ\u00e4ischer Mobilit\u00e4tskongress","isPartOf":{"@id":"https:\/\/mobil-lux.test2u.lu\/#website"},"datePublished":"2023-01-06T10:09:54+00:00","dateModified":"2023-03-01T13:40:59+00:00","breadcrumb":{"@id":"https:\/\/mobil-lux.test2u.lu\/de\/redner\/#breadcrumb"},"inLanguage":"de","potentialAction":[{"@type":"ReadAction","target":["https:\/\/mobil-lux.test2u.lu\/de\/redner\/"]}]},{"@type":"BreadcrumbList","@id":"https:\/\/mobil-lux.test2u.lu\/de\/redner\/#breadcrumb","itemListElement":[{"@type":"ListItem","position":1,"name":"Home","item":"https:\/\/mobil-lux.test2u.lu\/de\/"},{"@type":"ListItem","position":2,"name":"Redner"}]},{"@type":"WebSite","@id":"https:\/\/mobil-lux.test2u.lu\/#website","url":"https:\/\/mobil-lux.test2u.lu\/","name":"Mobil-Lux 2023 - Conf\u00e9rence Europ\u00e9enne de la Mobilit\u00e9","description":"Europ\u00e4ischer Mobilit\u00e4tskongress","publisher":{"@id":"https:\/\/mobil-lux.test2u.lu\/#organization"},"potentialAction":[{"@type":"SearchAction","target":{"@type":"EntryPoint","urlTemplate":"https:\/\/mobil-lux.test2u.lu\/?s={search_term_string}"},"query-input":{"@type":"PropertyValueSpecification","valueRequired":true,"valueName":"search_term_string"}}],"inLanguage":"de"},{"@type":"Organization","@id":"https:\/\/mobil-lux.test2u.lu\/#organization","name":"Mobil-Lux - Conf\u00e9rence Europ\u00e9enne de la Mobilit\u00e9","url":"https:\/\/mobil-lux.test2u.lu\/","logo":{"@type":"ImageObject","inLanguage":"de","@id":"https:\/\/mobil-lux.test2u.lu\/#\/schema\/logo\/image\/","url":"https:\/\/mobil-lux.test2u.lu\/wp-content\/uploads\/2022\/11\/cropped-favicon.png","contentUrl":"https:\/\/mobil-lux.test2u.lu\/wp-content\/uploads\/2022\/11\/cropped-favicon.png","width":512,"height":512,"caption":"Mobil-Lux - Conf\u00e9rence Europ\u00e9enne de la Mobilit\u00e9"},"image":{"@id":"https:\/\/mobil-lux.test2u.lu\/#\/schema\/logo\/image\/"},"sameAs":["https:\/\/www.linkedin.com\/company\/mobil-luxembourg\/"]}]}},"_links":{"self":[{"href":"https:\/\/mobil-lux.test2u.lu\/de\/wp-json\/wp\/v2\/pages\/4781","targetHints":{"allow":["GET"]}}],"collection":[{"href":"https:\/\/mobil-lux.test2u.lu\/de\/wp-json\/wp\/v2\/pages"}],"about":[{"href":"https:\/\/mobil-lux.test2u.lu\/de\/wp-json\/wp\/v2\/types\/page"}],"author":[{"embeddable":true,"href":"https:\/\/mobil-lux.test2u.lu\/de\/wp-json\/wp\/v2\/users\/1"}],"replies":[{"embeddable":true,"href":"https:\/\/mobil-lux.test2u.lu\/de\/wp-json\/wp\/v2\/comments?post=4781"}],"version-history":[{"count":1,"href":"https:\/\/mobil-lux.test2u.lu\/de\/wp-json\/wp\/v2\/pages\/4781\/revisions"}],"predecessor-version":[{"id":4782,"href":"https:\/\/mobil-lux.test2u.lu\/de\/wp-json\/wp\/v2\/pages\/4781\/revisions\/4782"}],"wp:attachment":[{"href":"https:\/\/mobil-lux.test2u.lu\/de\/wp-json\/wp\/v2\/media?parent=4781"}],"curies":[{"name":"wp","href":"https:\/\/api.w.org\/{rel}","templated":true}]}}